{"id":972,"date":"2016-04-23T11:54:13","date_gmt":"2016-04-23T14:54:13","guid":{"rendered":"http:\/\/cecafe.com.br\/en\/conheca-o-cecafe\/governanca\/"},"modified":"2025-07-24T12:09:55","modified_gmt":"2025-07-24T15:09:55","slug":"council","status":"publish","type":"page","link":"https:\/\/www.cecafe.com.br\/en\/about-cecafe\/council\/","title":{"rendered":"Council"},"content":{"rendered":"<div class=\"fusion-fullwidth fullwidth-box fusion-builder-row-1 fusion-flex-container nonhundred-percent-fullwidth non-hundred-percent-height-scrolling\" style=\"--awb-border-radius-top-left:0px;--awb-border-radius-top-right:0px;--awb-border-radius-bottom-right:0px;--awb-border-radius-bottom-left:0px;--awb-flex-wrap:wrap;\" ><div class=\"fusion-builder-row fusion-row fusion-flex-align-items-flex-start fusion-flex-content-wrap\" style=\"max-width:1216.8px;margin-left: calc(-4% \/ 2 );margin-right: calc(-4% \/ 2 );\"><div class=\"fusion-layout-column fusion_builder_column fusion-builder-column-0 fusion_builder_column_1_1 1_1 fusion-flex-column\" style=\"--awb-bg-size:cover;--awb-width-large:100%;--awb-margin-top-large:0px;--awb-spacing-right-large:1.92%;--awb-margin-bottom-large:0px;--awb-spacing-left-large:1.92%;--awb-width-medium:100%;--awb-spacing-right-medium:1.92%;--awb-spacing-left-medium:1.92%;--awb-width-small:100%;--awb-spacing-right-small:1.92%;--awb-spacing-left-small:1.92%;\"><div class=\"fusion-column-wrapper fusion-flex-justify-content-flex-start fusion-content-layout-column\"><div class=\"fusion-text fusion-text-1\"><h2>Council<\/h2>\n<p>On December 12th, 2024, the Deliberative Council was elected for the term 2025-2026 with the following composition:<\/p>\n<h3>Executive Board<\/h3>\n<p><strong>General Board:<\/strong>\u00a0Marcos Antonio Matos<\/p>\n<p><strong>Technical Board:<\/strong>\u00a0Eduardo Heron Santos<\/p>\n<p><strong>Sustainability Board:<\/strong> Silvia Pizzol<\/p>\n<h3>Advisory Board<\/h3>\n<p><strong>President: <\/strong>Marcio C\u00e2ndido Ferreira<\/p>\n<p><strong>Vice-President: <\/strong>G\u00fcnter Hausler<\/p>\n<p><strong>Council Secretary: <\/strong>Flavia Barbosa Paulino da Costa<\/p>\n<h3>Board Members-Companies<\/h3>\n<ul>\n<li>Atl\u00e2ntica Exporta\u00e7\u00e3o e Importa\u00e7\u00e3o S\/A<\/li>\n<li>COCATREL Coop. Dos Caf. Da Zona de Tr\u00eas Pontas LTDA<\/li>\n<li>Cofco International Brasil S\/A<\/li>\n<li>Comexim Ltda<\/li>\n<li>COOABRIEL- Cooperativa Agr\u00e1ria dos Cafeicultores de S\u00e3o Gabriel<\/li>\n<li>COOXUP\u00c9 Cooperativa Regional de Cafeicultores em Guaxup\u00e9 Ltda<\/li>\n<li>Costa Caf\u00e9 Com\u00e9rcio Exporta\u00e7\u00e3o e Importa\u00e7\u00e3o Ltda.<\/li>\n<li>Daterra Atividades Rurais Ltda<\/li>\n<li>ED&amp;F MAN VOLCAFE BRASIL<\/li>\n<li>EISA Empresa\u00a0Interagricola S\/A<\/li>\n<li>Expocaccer- Cooperativa dos Cafeicultores do Cerrado<\/li>\n<li>Exportadora de Caf\u00e9 Guaxup\u00e9 Ltda.<\/li>\n<li>Fal Caf\u00e9 Com\u00e9rcio Exporta\u00e7\u00e3o e Importa\u00e7\u00e3o de Caf\u00e9 Ltda.<\/li>\n<li>Louis Dreyfus Company Brasil S\/A<\/li>\n<li>Minasul<\/li>\n<li>Mitsui &amp; Co. Coffee Trading<\/li>\n<li>Nicchio Sobrinho Caf\u00e9 S\/A<\/li>\n<li>Olam Agr\u00edcola Ltda.<\/li>\n<li>Porto de Santos Com\u00e9rcio e Exporta\u00e7\u00e3o Ltda.<\/li>\n<li>NKG Stockler Ltda.<\/li>\n<li>Sucafina Brasil Industria Com\u00e9rcio e Exporta\u00e7\u00e3o Ltda.<\/li>\n<li>Trist\u00e3o Companhia de Comercio Exterior<\/li>\n<li>Unicaf\u00e9 Companhia de Com\u00e9rcio Exterior<\/li>\n<li>Valoriza\u00e7\u00e3o Empresa de Caf\u00e9 S\/A.<\/li>\n<\/ul>\n<h3>Counselors-Entities<\/h3>\n<ul>\n<li>Associa\u00e7\u00e3o Comercial de Santos &#8211; ACS<\/li>\n<li>Centro de Com\u00e9rcio de Caf\u00e9 da Bahia &#8211; CCCB<\/li>\n<li>Centro do Com\u00e9rcio de Caf\u00e9 do Estado de Minas Gerais &#8211; CCCMG<\/li>\n<li>Centro do Com\u00e9rcio de Caf\u00e9 do Rio de Janeiro \u2013 CCCRJ<\/li>\n<li>Centro do Com\u00e9rcio de Caf\u00e9 de Vit\u00f3ria \u2013 CCCV<\/li>\n<li>Centro do Com\u00e9rcio de Caf\u00e9 de Paranagu\u00e1 &#8211; CCCP<\/li>\n<\/ul>\n<h3>Supervisory Council<\/h3>\n<ul>\n<li>Adalto Correa Jr<\/li>\n<li>Jer\u00f4nimo A. Pereira<\/li>\n<li>Mario Aparecido Ferreira<\/li>\n<\/ul>\n<\/div><\/div><\/div><\/div><\/div>\n","protected":false},"excerpt":{"rendered":"","protected":false},"author":56,"featured_media":0,"parent":955,"menu_order":0,"comment_status":"closed","ping_status":"closed","template":"","meta":{"footnotes":""},"class_list":["post-972","page","type-page","status-publish","hentry"],"acf":[],"yoast_head":"<!-- This site is optimized with the Yoast SEO plugin v27.4 - https:\/\/yoast.com\/product\/yoast-seo-wordpress\/ -->\n<title>Council - Cecaf\u00e9<\/title>\n<meta name=\"robots\" content=\"index, follow, max-snippet:-1, max-image-preview:large, max-video-preview:-1\" \/>\n<link rel=\"canonical\" href=\"https:\/\/www.cecafe.com.br\/en\/about-cecafe\/council\/\" \/>\n<meta property=\"og:locale\" content=\"en_US\" \/>\n<meta property=\"og:type\" content=\"article\" \/>\n<meta property=\"og:title\" content=\"Council - Cecaf\u00e9\" \/>\n<meta property=\"og:url\" content=\"https:\/\/www.cecafe.com.br\/en\/about-cecafe\/council\/\" \/>\n<meta property=\"og:site_name\" content=\"Cecaf\u00e9\" \/>\n<meta property=\"article:publisher\" content=\"https:\/\/www.facebook.com\/cecafebrazil\" \/>\n<meta property=\"article:modified_time\" content=\"2025-07-24T15:09:55+00:00\" \/>\n<meta property=\"og:image\" content=\"https:\/\/www.cecafe.com.br\/site\/wp-content\/uploads\/2019\/07\/logo-cecafe-png-300-200_2.png\" \/>\n\t<meta property=\"og:image:width\" content=\"300\" \/>\n\t<meta property=\"og:image:height\" content=\"200\" \/>\n\t<meta property=\"og:image:type\" content=\"image\/png\" \/>\n<meta name=\"twitter:card\" content=\"summary_large_image\" \/>\n<meta name=\"twitter:site\" content=\"@cecafebrazil\" \/>\n<meta name=\"twitter:label1\" content=\"Est. reading time\" \/>\n\t<meta name=\"twitter:data1\" content=\"2 minutes\" \/>\n<script type=\"application\/ld+json\" class=\"yoast-schema-graph\">{\"@context\":\"https:\\\/\\\/schema.org\",\"@graph\":[{\"@type\":\"WebPage\",\"@id\":\"https:\\\/\\\/www.cecafe.com.br\\\/en\\\/about-cecafe\\\/council\\\/\",\"url\":\"https:\\\/\\\/www.cecafe.com.br\\\/en\\\/about-cecafe\\\/council\\\/\",\"name\":\"Council - Cecaf\u00e9\",\"isPartOf\":{\"@id\":\"https:\\\/\\\/www.cecafe.com.br\\\/en\\\/#website\"},\"datePublished\":\"2016-04-23T14:54:13+00:00\",\"dateModified\":\"2025-07-24T15:09:55+00:00\",\"breadcrumb\":{\"@id\":\"https:\\\/\\\/www.cecafe.com.br\\\/en\\\/about-cecafe\\\/council\\\/#breadcrumb\"},\"inLanguage\":\"en-US\",\"potentialAction\":[{\"@type\":\"ReadAction\",\"target\":[\"https:\\\/\\\/www.cecafe.com.br\\\/en\\\/about-cecafe\\\/council\\\/\"]}]},{\"@type\":\"BreadcrumbList\",\"@id\":\"https:\\\/\\\/www.cecafe.com.br\\\/en\\\/about-cecafe\\\/council\\\/#breadcrumb\",\"itemListElement\":[{\"@type\":\"ListItem\",\"position\":1,\"name\":\"In\u00edcio\",\"item\":\"https:\\\/\\\/www.cecafe.com.br\\\/en\\\/\"},{\"@type\":\"ListItem\",\"position\":2,\"name\":\"About Cecaf\u00e9\",\"item\":\"https:\\\/\\\/www.cecafe.com.br\\\/en\\\/about-cecafe\\\/\"},{\"@type\":\"ListItem\",\"position\":3,\"name\":\"Council\"}]},{\"@type\":\"WebSite\",\"@id\":\"https:\\\/\\\/www.cecafe.com.br\\\/en\\\/#website\",\"url\":\"https:\\\/\\\/www.cecafe.com.br\\\/en\\\/\",\"name\":\"Conselho dos Exportadores de Caf\u00e9 do Brasil\",\"description\":\"Conselho dos Exportadores de Caf\u00e9 do Brasil\",\"publisher\":{\"@id\":\"https:\\\/\\\/www.cecafe.com.br\\\/en\\\/#organization\"},\"potentialAction\":[{\"@type\":\"SearchAction\",\"target\":{\"@type\":\"EntryPoint\",\"urlTemplate\":\"https:\\\/\\\/www.cecafe.com.br\\\/en\\\/?s={search_term_string}\"},\"query-input\":{\"@type\":\"PropertyValueSpecification\",\"valueRequired\":true,\"valueName\":\"search_term_string\"}}],\"inLanguage\":\"en-US\"},{\"@type\":\"Organization\",\"@id\":\"https:\\\/\\\/www.cecafe.com.br\\\/en\\\/#organization\",\"name\":\"Conselho dos Exportadores de Caf\u00e9 do Brasil\",\"url\":\"https:\\\/\\\/www.cecafe.com.br\\\/en\\\/\",\"logo\":{\"@type\":\"ImageObject\",\"inLanguage\":\"en-US\",\"@id\":\"https:\\\/\\\/www.cecafe.com.br\\\/en\\\/#\\\/schema\\\/logo\\\/image\\\/\",\"url\":\"https:\\\/\\\/www.cecafe.com.br\\\/site\\\/wp-content\\\/uploads\\\/2019\\\/07\\\/logo-cecafe-png-300-200_2.png\",\"contentUrl\":\"https:\\\/\\\/www.cecafe.com.br\\\/site\\\/wp-content\\\/uploads\\\/2019\\\/07\\\/logo-cecafe-png-300-200_2.png\",\"width\":300,\"height\":200,\"caption\":\"Conselho dos Exportadores de Caf\u00e9 do Brasil\"},\"image\":{\"@id\":\"https:\\\/\\\/www.cecafe.com.br\\\/en\\\/#\\\/schema\\\/logo\\\/image\\\/\"},\"sameAs\":[\"https:\\\/\\\/www.facebook.com\\\/cecafebrazil\",\"https:\\\/\\\/x.com\\\/cecafebrazil\",\"https:\\\/\\\/www.instagram.com\\\/cecafebrazil\\\/\",\"https:\\\/\\\/www.linkedin.com\\\/company\\\/cecafebrazil\\\/\",\"https:\\\/\\\/www.youtube.com\\\/channel\\\/UCNvHIPqfwzTl-Yl2VOFnXXA\"]}]}<\/script>\n<!-- \/ Yoast SEO plugin. -->","yoast_head_json":{"title":"Council - Cecaf\u00e9","robots":{"index":"index","follow":"follow","max-snippet":"max-snippet:-1","max-image-preview":"max-image-preview:large","max-video-preview":"max-video-preview:-1"},"canonical":"https:\/\/www.cecafe.com.br\/en\/about-cecafe\/council\/","og_locale":"en_US","og_type":"article","og_title":"Council - Cecaf\u00e9","og_url":"https:\/\/www.cecafe.com.br\/en\/about-cecafe\/council\/","og_site_name":"Cecaf\u00e9","article_publisher":"https:\/\/www.facebook.com\/cecafebrazil","article_modified_time":"2025-07-24T15:09:55+00:00","og_image":[{"width":300,"height":200,"url":"https:\/\/www.cecafe.com.br\/site\/wp-content\/uploads\/2019\/07\/logo-cecafe-png-300-200_2.png","type":"image\/png"}],"twitter_card":"summary_large_image","twitter_site":"@cecafebrazil","twitter_misc":{"Est. reading time":"2 minutes"},"schema":{"@context":"https:\/\/schema.org","@graph":[{"@type":"WebPage","@id":"https:\/\/www.cecafe.com.br\/en\/about-cecafe\/council\/","url":"https:\/\/www.cecafe.com.br\/en\/about-cecafe\/council\/","name":"Council - Cecaf\u00e9","isPartOf":{"@id":"https:\/\/www.cecafe.com.br\/en\/#website"},"datePublished":"2016-04-23T14:54:13+00:00","dateModified":"2025-07-24T15:09:55+00:00","breadcrumb":{"@id":"https:\/\/www.cecafe.com.br\/en\/about-cecafe\/council\/#breadcrumb"},"inLanguage":"en-US","potentialAction":[{"@type":"ReadAction","target":["https:\/\/www.cecafe.com.br\/en\/about-cecafe\/council\/"]}]},{"@type":"BreadcrumbList","@id":"https:\/\/www.cecafe.com.br\/en\/about-cecafe\/council\/#breadcrumb","itemListElement":[{"@type":"ListItem","position":1,"name":"In\u00edcio","item":"https:\/\/www.cecafe.com.br\/en\/"},{"@type":"ListItem","position":2,"name":"About Cecaf\u00e9","item":"https:\/\/www.cecafe.com.br\/en\/about-cecafe\/"},{"@type":"ListItem","position":3,"name":"Council"}]},{"@type":"WebSite","@id":"https:\/\/www.cecafe.com.br\/en\/#website","url":"https:\/\/www.cecafe.com.br\/en\/","name":"Conselho dos Exportadores de Caf\u00e9 do Brasil","description":"Conselho dos Exportadores de Caf\u00e9 do Brasil","publisher":{"@id":"https:\/\/www.cecafe.com.br\/en\/#organization"},"potentialAction":[{"@type":"SearchAction","target":{"@type":"EntryPoint","urlTemplate":"https:\/\/www.cecafe.com.br\/en\/?s={search_term_string}"},"query-input":{"@type":"PropertyValueSpecification","valueRequired":true,"valueName":"search_term_string"}}],"inLanguage":"en-US"},{"@type":"Organization","@id":"https:\/\/www.cecafe.com.br\/en\/#organization","name":"Conselho dos Exportadores de Caf\u00e9 do Brasil","url":"https:\/\/www.cecafe.com.br\/en\/","logo":{"@type":"ImageObject","inLanguage":"en-US","@id":"https:\/\/www.cecafe.com.br\/en\/#\/schema\/logo\/image\/","url":"https:\/\/www.cecafe.com.br\/site\/wp-content\/uploads\/2019\/07\/logo-cecafe-png-300-200_2.png","contentUrl":"https:\/\/www.cecafe.com.br\/site\/wp-content\/uploads\/2019\/07\/logo-cecafe-png-300-200_2.png","width":300,"height":200,"caption":"Conselho dos Exportadores de Caf\u00e9 do Brasil"},"image":{"@id":"https:\/\/www.cecafe.com.br\/en\/#\/schema\/logo\/image\/"},"sameAs":["https:\/\/www.facebook.com\/cecafebrazil","https:\/\/x.com\/cecafebrazil","https:\/\/www.instagram.com\/cecafebrazil\/","https:\/\/www.linkedin.com\/company\/cecafebrazil\/","https:\/\/www.youtube.com\/channel\/UCNvHIPqfwzTl-Yl2VOFnXXA"]}]}},"_links":{"self":[{"href":"https:\/\/www.cecafe.com.br\/en\/wp-json\/wp\/v2\/pages\/972","targetHints":{"allow":["GET"]}}],"collection":[{"href":"https:\/\/www.cecafe.com.br\/en\/wp-json\/wp\/v2\/pages"}],"about":[{"href":"https:\/\/www.cecafe.com.br\/en\/wp-json\/wp\/v2\/types\/page"}],"author":[{"embeddable":true,"href":"https:\/\/www.cecafe.com.br\/en\/wp-json\/wp\/v2\/users\/56"}],"replies":[{"embeddable":true,"href":"https:\/\/www.cecafe.com.br\/en\/wp-json\/wp\/v2\/comments?post=972"}],"version-history":[{"count":10,"href":"https:\/\/www.cecafe.com.br\/en\/wp-json\/wp\/v2\/pages\/972\/revisions"}],"predecessor-version":[{"id":32545,"href":"https:\/\/www.cecafe.com.br\/en\/wp-json\/wp\/v2\/pages\/972\/revisions\/32545"}],"up":[{"embeddable":true,"href":"https:\/\/www.cecafe.com.br\/en\/wp-json\/wp\/v2\/pages\/955"}],"wp:attachment":[{"href":"https:\/\/www.cecafe.com.br\/en\/wp-json\/wp\/v2\/media?parent=972"}],"curies":[{"name":"wp","href":"https:\/\/api.w.org\/{rel}","templated":true}]}}