{"id":951,"date":"2016-04-23T12:16:35","date_gmt":"2016-04-23T15:16:35","guid":{"rendered":"http:\/\/cecafe.com.br\/en\/associados\/"},"modified":"2026-04-24T18:07:10","modified_gmt":"2026-04-24T21:07:10","slug":"associates","status":"publish","type":"page","link":"https:\/\/www.cecafe.com.br\/en\/about-cecafe\/associates\/","title":{"rendered":"Associates"},"content":{"rendered":"<div class=\"fusion-fullwidth fullwidth-box fusion-builder-row-1 fusion-flex-container nonhundred-percent-fullwidth non-hundred-percent-height-scrolling\" style=\"--awb-border-radius-top-left:0px;--awb-border-radius-top-right:0px;--awb-border-radius-bottom-right:0px;--awb-border-radius-bottom-left:0px;--awb-flex-wrap:wrap;\" ><div class=\"fusion-builder-row fusion-row fusion-flex-align-items-flex-start fusion-flex-content-wrap\" style=\"max-width:1216.8px;margin-left: calc(-4% \/ 2 );margin-right: calc(-4% \/ 2 );\"><div class=\"fusion-layout-column fusion_builder_column fusion-builder-column-0 fusion_builder_column_1_1 1_1 fusion-flex-column\" style=\"--awb-bg-size:cover;--awb-width-large:100%;--awb-margin-top-large:0px;--awb-spacing-right-large:1.92%;--awb-margin-bottom-large:0px;--awb-spacing-left-large:1.92%;--awb-width-medium:100%;--awb-spacing-right-medium:1.92%;--awb-spacing-left-medium:1.92%;--awb-width-small:100%;--awb-spacing-right-small:1.92%;--awb-spacing-left-small:1.92%;\"><div class=\"fusion-column-wrapper fusion-flex-justify-content-flex-start fusion-content-layout-column\"><div class=\"fusion-text fusion-text-1\"><h2>Associates<\/h2>\n<ul>\n<li><a href=\"http:\/\/www.andradebros.com\">ABEX Exporta\u00e7\u00e3o e Com\u00e9rcio de Caf\u00e9 LTDA<\/a><\/li>\n<li><a href=\"http:\/\/www.acauas.com.br\">Acau\u00e3 Armaz\u00e9ns Gerais Ltda<\/a><span class=\"FontAssocNoLinks\"><br \/>\n<\/span><\/li>\n<li><a href=\"http:\/\/www.agrofontealta.com.br\/\">Agro Fonte Alta<\/a><\/li>\n<li><span class=\"FontAssocNoLinks\"><a href=\"http:\/\/www.altocafezal.com.br\/\" target=\"_blank\" rel=\"noopener noreferrer\">Alto Cafezal Com\u00e9rcio Importa\u00e7\u00e3o e Exporta\u00e7\u00e3o Ltda<\/a><\/span><\/li>\n<li><a href=\"http:\/\/www.apsaltda.com.br\">APSA Agropecu\u00e1ria Santo Antonio Ltda<\/a><\/li>\n<li><span class=\"FontAssocNoLinks\"><a href=\"http:\/\/www.aromacoffeebrazil.com\/\" target=\"_blank\" rel=\"noopener noreferrer\">Aroma Coffee Com\u00e9rcio Importa\u00e7\u00e3o e Exporta\u00e7\u00e3o de Caf\u00e9\u00a0E<\/a>ireli<br \/>\n<\/span><\/li>\n<li><span class=\"FontAssocNoLinks\"><a href=\"http:\/\/www.acs.org.br\/\" target=\"_blank\" rel=\"noopener noreferrer\">Associa\u00e7\u00e3o Comercial de Santos<\/a><\/span><\/li>\n<li><a href=\"https:\/\/www.atlanticacoffee.com\/\">ATL\u00c2NTICA EXPORTA\u00c7\u00c3O E IMPORTA\u00c7\u00c3O S\/A<\/a><span class=\"FontAssocNoLinks\"><br \/>\n<\/span><\/li>\n<li>BLENDCOFFEE COM\u00c9RCIO EXPORTA\u00c7\u00c3O E IMPORTA\u00c7\u00c3O LTDA<\/li>\n<li><span class=\"FontAssocNoLinks\"><a href=\"http:\/\/www.baggiocoffees.com\/\" target=\"_blank\" rel=\"noopener noreferrer\" name=\"b\"><\/a><\/span>Bourbon Specialty Coffees S.A<\/li>\n<li><span class=\"FontAssocNoLinks\">Brand\u00e3o Filhos S\/A Com. Ind. e Lavoura<\/span><\/li>\n<li><a href=\"https:\/\/www.hacofco.de\/en\/index\">Brascof LTDA<\/a><\/li>\n<li><span class=\"FontAssocNoLinks\"><a href=\"http:\/\/www..cafebras.com\/\" target=\"_blank\" rel=\"noopener noreferrer\">Cafebras \u2013 Comercio de Cafes do Brasil S\/A<\/a><br \/>\n<\/span><\/li>\n<li><span class=\"FontAssocNoLinks\">Cafeeira Breda Ltda<\/span><\/li>\n<li><span class=\"FontAssocNoLinks\">Cafeeira Dois Irm\u00e3os Ltda<br \/>\n<\/span><\/li>\n<li><a href=\"http:\/\/www.cafeeirafundao.com.br\">Cafeeira Fund\u00e3o Com\u00e9rcio e Exporta\u00e7\u00e3o Ltda <\/a><span class=\"FontAssocNoLinks\"><br \/>\n<\/span><\/li>\n<li><a href=\"http:\/\/www.carpec.com.br\">CARPEC- Cooperativa Agropecu\u00e1ria do Carmo do Parana\u00edba Ltda<\/a><\/li>\n<li>Centro de Com\u00e9rcio de Caf\u00e9 da Bahia<\/li>\n<li><span class=\"FontAssocNoLinks\"><a href=\"http:\/\/www.cccmg.com.br\/\" target=\"_blank\" rel=\"noopener noreferrer\">Centro do Com.de Caf\u00e9 de Minas Gerais<\/a><\/span><span class=\"FontAssocNoLinks\"><br \/>\n<\/span><\/li>\n<li><span class=\"FontAssocNoLinks\">CFX do Brasil, Ind\u00fastria, Com\u00e9rcio, Exporta\u00e7\u00e3o e Importa\u00e7\u00e3o Ltda<br \/>\n<\/span><\/li>\n<li><span class=\"FontAssocNoLinks\">Centro de Com\u00e9rcio de Caf\u00e9 de Paranagu\u00e1<br \/>\n<\/span><\/li>\n<li><span class=\"FontAssocNoLinks\"><a href=\"http:\/\/www.cccv.org.br\/\" target=\"_blank\" rel=\"noopener noreferrer\">Centro do Com\u00e9rcio de Caf\u00e9 de Vit\u00f3ria<\/a><br \/>\n<\/span><\/li>\n<li><span class=\"FontAssocNoLinks\"><a href=\"http:\/\/www.cccrj.com.br\/\" target=\"_blank\" rel=\"noopener noreferrer\">Centro do Com.Caf\u00e9 do Rio de Janeiro<\/a><br \/>\n<\/span><\/li>\n<li><span class=\"FontAssocNoLinks\"><a href=\"http:\/\/www.coccamp.com.br\/\" target=\"_blank\" rel=\"noopener noreferrer\">COCCAMP &#8211; Com. e Exp. de Caf\u00e9\u00a0E<\/a>ireli<br \/>\n<\/span><\/li>\n<li><span class=\"FontAssocNoLinks\"><a href=\"http:\/\/www.cofcointernational.com\" target=\"_blank\" rel=\"noopener noreferrer\">Cofco International Com e Armaz de Gr\u00e3os Ltda<\/a><\/span><span class=\"FontAssocNoLinks\"><br \/>\n<\/span><\/li>\n<li><span class=\"FontAssocNoLinks\"><a href=\"http:\/\/www.comexim.com.br\/\" target=\"_blank\" rel=\"noopener noreferrer\">Comexim Ltda<\/a><\/span><span class=\"FontAssocNoLinks\"><br \/>\n<\/span><\/li>\n<li><span class=\"FontAssocNoLinks\">Companhia Agropecu\u00e1ria Monte Alegre<br \/>\n<\/span><\/li>\n<li><span class=\"FontAssocNoLinks\"><a href=\"http:\/\/www.cafepele.com.br\/\" target=\"_blank\" rel=\"noopener noreferrer\">Companhia Cacique de Cafe Sol\u00favel<\/a><br \/>\n<\/span><\/li>\n<li><a href=\"https:\/\/nater.coop.br\/\">COOPERATIVA AGROPECUARIA CENTRO SERRANA- NATER COOP<\/a><\/li>\n<li><a href=\"https:\/\/capebe.coop.br\/\">COOPERATIVA AGROPECU\u00c1RIA DE BOA ESPERAN\u00c7A LTDA &#8211; CAPEBE<\/a><\/li>\n<li><a href=\"https:\/\/www.costas5588.com.br\/\">COOPERATIVA DOS PRODUTORES DE CAF\u00c9 ESPECIAL DE BOA ESPERAN\u00c7A LTDA<\/a><\/li>\n<li><span class=\"FontAssocNoLinks\">COOPERCAF\u00c9BRASIL &#8211; Cooperativa Agr\u00edcola do Sudeste do Brasil Ltda<\/span><\/li>\n<li><span class=\"FontAssocNoLinks\"><a href=\"http:\/\/www.cooabriel.com.br\/\">COOABRIEL &#8211; Cooperativa Agr\u00e1ria dos Cafeicultores de S\u00e3o Gabriel<\/a><\/span><span class=\"FontAssocNoLinks\"><br \/>\n<\/span><\/li>\n<li><a href=\"http:\/\/www.coopama.com.br\">COOPAMA- Cooperativa Agr\u00e1ria de Machado Ltda<\/a><\/li>\n<li><a href=\"https:\/\/cocapec.com.br\/\">COCAPEC &#8211; Cooperativa de Cafeicultores e Agropecuaristas<\/a><\/li>\n<li><a href=\"http:\/\/www.portalcocatrel.com\/\">COCATREL &#8211; Cooperativa dos Cafeicultores da Zona de Tr\u00eas Pontas Ltda<\/a><\/li>\n<li><span class=\"FontAssocNoLinks\"><a href=\"https:\/\/www.minasul.com.br\/\">COOP AGROINDUSTRIAL DE VARGINHA LTDA &#8211; MINASUL<\/a>\u00a0\u00a0\u00a0<\/span><\/li>\n<li><a href=\"https:\/\/coopercitrus.com.br\">COOPERCITRUS COOPERATIVA DE PRODUTORES RURAIS<\/a><\/li>\n<li><a href=\"http:\/\/www.coopfam.com.br\">COOPFAM- Cooperativa dos Agricultores Familiares de Po\u00e7o Fundo e Regi\u00e3o Ltda<\/a><\/li>\n<li><a href=\"http:\/\/www.cooxupe.com.br\/\" target=\"_blank\" rel=\"noopener noreferrer\">COOXUP\u00c9 Cooperativa Regional de Cafeicultores em Guaxup\u00e9 Ltda<\/a><\/li>\n<li>COOPERATIVA REGIONAL DOS CAFEICULTORES DO VALE DO RIO VERDE \u2013 COCARIVE<\/li>\n<li><span class=\"FontAssocNoLinks\"><a href=\"http:\/\/www.costacafe.com.br\/\" target=\"_blank\" rel=\"noopener noreferrer\">Costa Caf\u00e9 Com.Exp. e Importa\u00e7\u00e3o Ltda<\/a><\/span><span class=\"FontAssocNoLinks\"><br \/>\n<\/span><\/li>\n<li><span class=\"FontAssocNoLinks\">Daterra Atividades Rurais Ltda<\/span><\/li>\n<li>DOLCE COFFEE COM\u00c9RCIO E EXPORTA\u00c7\u00c3O DE CAF\u00c9 LTDA<span class=\"FontAssocNoLinks\"><br \/>\n<\/span><\/li>\n<li><span class=\"FontAssocNoLinks\">ED&amp;F Man Volcaf\u00e9 Brasil Ltda\u00a0<\/span><\/li>\n<li><span class=\"FontAssocNoLinks\"><a href=\"http:\/\/www.ecomtrading.com.\/\" target=\"_blank\" rel=\"noopener noreferrer\">EISA &#8211; Empresa Interagricola S\/A<\/a><\/span><\/li>\n<li><span class=\"FontAssocNoLinks\">Eurobrasil Ltda<br \/>\n<\/span><\/li>\n<li><span class=\"FontAssocNoLinks\"><a href=\"http:\/\/www.expocacer.com.br\/\" target=\"_blank\" rel=\"noopener noreferrer\">EXPOCACER &#8211; Cooperativa dos Cafeicultores do Cerrado Ltda<\/a><br \/>\n<\/span><\/li>\n<li><a href=\"http:\/\/www.capricorniocoffees.com.br\">EXPORTADORA CAPRIC\u00d3RNIO COFFEES S\/A<\/a><\/li>\n<li><a href=\"http:\/\/www.carmocoffees.com.br\/\" target=\"_blank\" rel=\"noopener noreferrer\">Exportadora de Caf\u00e9s Carmo de Minas Ltda<\/a><\/li>\n<li><span class=\"FontAssocNoLinks\"><a href=\"http:\/\/www.guaxupe.com.br\/\" target=\"_blank\" rel=\"noopener noreferrer\">Exportadora de Caf\u00e9 Guaxupe Ltda<\/a><\/span><\/li>\n<li><span class=\"FontAssocNoLinks\">Exprinsul Comercio Exterior Ltda<\/span><\/li>\n<li><a href=\"http:\/\/www.fafbrazil.com\/\">FAF-Coffees-EXP, Assessoria, EMP e Part LTDA<\/a><\/li>\n<li><span class=\"FontAssocNoLinks\">Fortaleza Agro Mercantil Ltda<\/span><\/li>\n<li><span class=\"FontAssocNoLinks\">Gardingo Trade Importa\u00e7\u00e3o e Exporta\u00e7\u00e3o Ltda<br \/>\n<\/span><\/li>\n<li><span class=\"FontAssocNoLinks\">Gava Caf\u00e9 S.A<\/span><span class=\"FontAssocNoLinks\"><br \/>\n<\/span><\/li>\n<li><span class=\"FontAssocNoLinks\">Giucaf\u00e9 Exporta\u00e7\u00e3o e Importa\u00e7ao Eireli<\/span><span class=\"FontAssocNoLinks\"><br \/>\n<\/span><\/li>\n<li><span class=\"FontAssocNoLinks\">Grancaf\u00e9 Com\u00e9rcio Importa\u00e7\u00e3o e Exporta\u00e7\u00e3o de Caf\u00e9 Ltda<br \/>\n<\/span><\/li>\n<li><a href=\"http:\/\/www.granotrading.com\">Grano Trading Exportadora e Importadora Ltda<\/a><\/li>\n<li><span class=\"FontAssocNoLinks\"><a href=\"http:\/\/www.imperiocafe.com.br\/\" target=\"_blank\" rel=\"noopener noreferrer\">Imp\u00e9rio Caf\u00e9 S\/A<\/a><\/span><span class=\"FontAssocNoLinks\"><br \/>\n<\/span><\/li>\n<li><span class=\"FontAssocNoLinks\"><a href=\"http:\/\/www.ipanemacoffees.com.br\/\" target=\"_blank\" rel=\"noopener noreferrer\">Ipanema Comercial e Exportadora S.A<\/a><\/span><\/li>\n<li><a href=\"http:\/\/www.jacobsdouweegberts.com\">Jacobs Douwe Egberts BR Comercializa\u00e7\u00e3o de Caf\u00e9s Ltda<\/a><\/li>\n<li><span class=\"FontAssocNoLinks\">J R Com\u00e9rcio e Exporta\u00e7\u00e3o de Caf\u00e9 Ltda. (Caf\u00e9 Livramento do Brumado Ltda)<\/span><\/li>\n<li><a href=\"http:\/\/www.kaffee.com.br\/\">Kaffee Exportadora e Importadora Ltda<\/a><\/li>\n<li><a href=\"https:\/\/kubitcafe.com.br\/\">KUBIT EXPORTA\u00c7\u00c3O E IMPORTA\u00c7\u00c3O DE CAF\u00c9 EIRELI<\/a><\/li>\n<li><span class=\"FontAssocNoLinks\"><a href=\"http:\/\/legendercoffees.com\" target=\"_blank\" rel=\"noopener noreferrer\" name=\"l\">Legender Coffees Com\u00e9rcio de Caf\u00e9 Ltda<\/a><br \/>\n<\/span><\/li>\n<li><span class=\"FontAssocNoLinks\"><a href=\"http:\/\/www.ldcom.com.br\/\" target=\"_blank\" rel=\"noopener noreferrer\">Louis Dreyfus Company Brasil S.A<\/a><\/span><\/li>\n<li><span class=\"FontAssocNoLinks\">Minasparaiso Armaz\u00e9ns Gerais e Agroindustria Exportadora de Caf\u00e9 Ltda<\/span><\/li>\n<li>Mitsui &amp; Co. Coffee Trading (Brazil) Ltda<\/li>\n<li><span class=\"FontAssocNoLinks\"><a href=\"http:\/\/www.montesacafe.com.br\/\" target=\"_blank\" rel=\"noopener noreferrer\">Montesa Com\u00e9rcio Exporta\u00e7\u00e3o e Importa\u00e7\u00e3o de Caf\u00e9 Ltda<\/a><br \/>\n<\/span><\/li>\n<li><span class=\"FontAssocNoLinks\"><a href=\"http:\/\/www.nicchio.com.br\/\" target=\"_blank\" rel=\"noopener noreferrer\" name=\"n\">N<\/a><a href=\"http:\/\/www.nicchio.com.br\/\" target=\"_blank\" rel=\"noopener noreferrer\">icchio Caf\u00e9 S\/A Exporta\u00e7\u00e3o e Importa\u00e7\u00e3o<\/a><br \/>\n<\/span><\/li>\n<li><span class=\"FontAssocNoLinks\"><a href=\"http:\/\/site.nscafe.com\/\">Nicchio Sobrinho Caf\u00e9 S.A<\/a><br \/>\n<\/span><\/li>\n<li><span class=\"FontAssocNoLinks\">NKG Fazendas Brasileiras Ltda<br \/>\n<\/span><\/li>\n<li><a href=\"http:\/\/www.stocklerltda.com.br\/\" target=\"_blank\" rel=\"noopener noreferrer\">NKG Stockler Ltda<\/a><\/li>\n<li><span class=\"FontAssocNoLinks\"><a href=\"http:\/\/www.nsg.com.br\/\" target=\"_blank\" rel=\"noopener noreferrer\">Nossa Sra.da Guia Exportadora de Caf\u00e9 Ltda<\/a><\/span><span class=\"FontAssocNoLinks\"><br \/>\n<\/span><\/li>\n<li><span class=\"FontAssocNoLinks\"><a href=\"http:\/\/www.nucoffee.com.br\/\" target=\"_blank\" rel=\"noopener noreferrer\">Nutrade Comercial Exportadora Ltda<\/a><\/span><\/li>\n<li>OCRAMAR COMERCIO E EXPORTA\u00c7\u00c3O DE CAF\u00c9 LTDA<\/li>\n<li><span class=\"FontAssocNoLinks\">Odebrecht Com.Ind\u00fastria de Caf\u00e9 Ltda<\/span><span class=\"FontAssocNoLinks\"><br \/>\n<\/span><\/li>\n<li><span class=\"FontAssocNoLinks\"><a href=\"http:\/\/olamgroup.com\/locations\/south-america\/brazil\/\">Olam Agr\u00edcola Ltda<\/a><br \/>\n<\/span><\/li>\n<li>Perim Comercial e Exportadora S.A<\/li>\n<li><span class=\"FontAssocNoLinks\"><a href=\"http:\/\/www.pratapereira.com.br\/\">Pratapereira Com Imp Exp de Caf\u00e9 Ltda<\/a><br \/>\n<\/span><\/li>\n<li><a href=\"http:\/\/www.portosantos.com.br\/\" target=\"_blank\" rel=\"noopener noreferrer\">Porto de Santos Com\u00e9rcio e Exporta\u00e7\u00e3o Ltda<\/a><\/li>\n<li><a href=\"https:\/\/prosperaagro.com\/\">Prospera Coffee Ltda<\/a><\/li>\n<li>ROBUSTA COFFEE EXPORTA\u00c7\u00c3O E COM\u00c9RCIO DE CAF\u00c9 LTDA<\/li>\n<li>Rondini Comercio Importa\u00e7\u00e3o e Exporta\u00e7\u00e3o de Caf\u00e9 Ltda<\/li>\n<li><a href=\"http:\/\/www.sancoffee.com\/\" target=\"_blank\" rel=\"noopener noreferrer\">Sancoffee &#8211; Coop. P. C. E. Santo Antonio E. C. Ltda<\/a><\/li>\n<li>Selecta Caf\u00e9s do Brasil Ltda<\/li>\n<li><a href=\"https:\/\/smccafe.com.br\/\">SMC Comercial e Exportadora de Caf\u00e9\u00a0S.A<\/a><\/li>\n<li><a href=\"https:\/\/www.stonex.com\">Stonex Com\u00e9rcio e Exporta\u00e7\u00e3o de Commodities Ltda<\/a><\/li>\n<li><a href=\"http:\/\/www.sucafina.com\">Sucafina Brasil Ind\u00fastria Com\u00e9rcio e Exporta\u00e7\u00e3o Ltda<\/a><\/li>\n<li><a href=\"https:\/\/www.sucden.com\/en\/where-we-are\/brazil\/\">Sucden do Brasil Ltda<\/a><\/li>\n<li><a href=\"http:\/\/www.terrafortecafes.com.br\/\" target=\"_blank\" rel=\"noopener noreferrer\">Terra Forte Exp. e Imp. de Caf\u00e9 Ltda<\/a><\/li>\n<li><a href=\"https:\/\/timbrotrading.com\/\">Timbro Trading S.A<\/a><\/li>\n<li><a href=\"http:\/\/www.tpjcafe.com.br\/\">TPJ Com\u00e9rcio Atacadista de Caf\u00e9 Imp. e Exp. Ltda<\/a><\/li>\n<li><a href=\"http:\/\/realcafesoluvel.com.br\/tristao\/\">Trist\u00e3o Companhia de Com\u00e9rcio Exterior<\/a><\/li>\n<li><a href=\"http:\/\/www.unicafe.com.br\/\" target=\"_blank\" rel=\"noopener noreferrer\">Unicaf\u00e9 Cia. de Com\u00e9rcio Exterior<\/a><\/li>\n<li>Union Trading Com\u00e9rcio, Importa\u00e7\u00e3o e Exporta\u00e7\u00e3o Ltda<\/li>\n<li>VALOR COM\u00c9RCIO DE CAF\u00c9S LTDA<\/li>\n<li>Valoriza\u00e7\u00e3o Empresa de Caf\u00e9 S.A<\/li>\n<li><a href=\"http:\/\/www.veloso.com.br\">Veloso Green Coffee Exporta\u00e7\u00e3o Ltda<\/a><\/li>\n<li>Versi Crivelenti Ferrero<\/li>\n<li><a href=\"http:\/\/www.volcafe.com.br\/\" target=\"_blank\" rel=\"noopener noreferrer\">Volcaf\u00e9 Ltda<\/a><\/li>\n<li><a href=\"https:\/\/www.hedgeinvest.com.br\/\">WHITE COMMODITIES AGR\u00cdCOLAS LTDA<\/a><\/li>\n<li>Zanotti Caf\u00e9 Com\u00e9rcio Importa\u00e7\u00e3o e Exporta\u00e7\u00e3o Ltda<\/li>\n<\/ul>\n<\/div><\/div><\/div><\/div><\/div>\n","protected":false},"excerpt":{"rendered":"","protected":false},"author":56,"featured_media":0,"parent":955,"menu_order":0,"comment_status":"closed","ping_status":"closed","template":"","meta":{"footnotes":""},"class_list":["post-951","page","type-page","status-publish","hentry"],"acf":[],"yoast_head":"<!-- This site is optimized with the Yoast SEO plugin v27.5 - https:\/\/yoast.com\/product\/yoast-seo-wordpress\/ -->\n<title>Associates - Cecaf\u00e9<\/title>\n<meta name=\"robots\" content=\"index, follow, max-snippet:-1, max-image-preview:large, max-video-preview:-1\" \/>\n<link rel=\"canonical\" href=\"https:\/\/www.cecafe.com.br\/en\/about-cecafe\/associates\/\" \/>\n<meta property=\"og:locale\" content=\"en_US\" \/>\n<meta property=\"og:type\" content=\"article\" \/>\n<meta property=\"og:title\" content=\"Associates - Cecaf\u00e9\" \/>\n<meta property=\"og:url\" content=\"https:\/\/www.cecafe.com.br\/en\/about-cecafe\/associates\/\" \/>\n<meta property=\"og:site_name\" content=\"Cecaf\u00e9\" \/>\n<meta property=\"article:publisher\" content=\"https:\/\/www.facebook.com\/cecafebrazil\" \/>\n<meta property=\"article:modified_time\" content=\"2026-04-24T21:07:10+00:00\" \/>\n<meta property=\"og:image\" content=\"https:\/\/www.cecafe.com.br\/site\/wp-content\/uploads\/2019\/07\/logo-cecafe-png-300-200_2.png\" \/>\n\t<meta property=\"og:image:width\" content=\"300\" \/>\n\t<meta property=\"og:image:height\" content=\"200\" \/>\n\t<meta property=\"og:image:type\" content=\"image\/png\" \/>\n<meta name=\"twitter:card\" content=\"summary_large_image\" \/>\n<meta name=\"twitter:site\" content=\"@cecafebrazil\" \/>\n<meta name=\"twitter:label1\" content=\"Est. reading time\" \/>\n\t<meta name=\"twitter:data1\" content=\"4 minutes\" \/>\n<script type=\"application\/ld+json\" class=\"yoast-schema-graph\">{\"@context\":\"https:\\\/\\\/schema.org\",\"@graph\":[{\"@type\":\"WebPage\",\"@id\":\"https:\\\/\\\/www.cecafe.com.br\\\/en\\\/about-cecafe\\\/associates\\\/\",\"url\":\"https:\\\/\\\/www.cecafe.com.br\\\/en\\\/about-cecafe\\\/associates\\\/\",\"name\":\"Associates - Cecaf\u00e9\",\"isPartOf\":{\"@id\":\"https:\\\/\\\/www.cecafe.com.br\\\/en\\\/#website\"},\"datePublished\":\"2016-04-23T15:16:35+00:00\",\"dateModified\":\"2026-04-24T21:07:10+00:00\",\"breadcrumb\":{\"@id\":\"https:\\\/\\\/www.cecafe.com.br\\\/en\\\/about-cecafe\\\/associates\\\/#breadcrumb\"},\"inLanguage\":\"en-US\",\"potentialAction\":[{\"@type\":\"ReadAction\",\"target\":[\"https:\\\/\\\/www.cecafe.com.br\\\/en\\\/about-cecafe\\\/associates\\\/\"]}]},{\"@type\":\"BreadcrumbList\",\"@id\":\"https:\\\/\\\/www.cecafe.com.br\\\/en\\\/about-cecafe\\\/associates\\\/#breadcrumb\",\"itemListElement\":[{\"@type\":\"ListItem\",\"position\":1,\"name\":\"In\u00edcio\",\"item\":\"https:\\\/\\\/www.cecafe.com.br\\\/en\\\/\"},{\"@type\":\"ListItem\",\"position\":2,\"name\":\"About Cecaf\u00e9\",\"item\":\"https:\\\/\\\/www.cecafe.com.br\\\/en\\\/about-cecafe\\\/\"},{\"@type\":\"ListItem\",\"position\":3,\"name\":\"Associates\"}]},{\"@type\":\"WebSite\",\"@id\":\"https:\\\/\\\/www.cecafe.com.br\\\/en\\\/#website\",\"url\":\"https:\\\/\\\/www.cecafe.com.br\\\/en\\\/\",\"name\":\"Conselho dos Exportadores de Caf\u00e9 do Brasil\",\"description\":\"Conselho dos Exportadores de Caf\u00e9 do Brasil\",\"publisher\":{\"@id\":\"https:\\\/\\\/www.cecafe.com.br\\\/en\\\/#organization\"},\"potentialAction\":[{\"@type\":\"SearchAction\",\"target\":{\"@type\":\"EntryPoint\",\"urlTemplate\":\"https:\\\/\\\/www.cecafe.com.br\\\/en\\\/?s={search_term_string}\"},\"query-input\":{\"@type\":\"PropertyValueSpecification\",\"valueRequired\":true,\"valueName\":\"search_term_string\"}}],\"inLanguage\":\"en-US\"},{\"@type\":\"Organization\",\"@id\":\"https:\\\/\\\/www.cecafe.com.br\\\/en\\\/#organization\",\"name\":\"Conselho dos Exportadores de Caf\u00e9 do Brasil\",\"url\":\"https:\\\/\\\/www.cecafe.com.br\\\/en\\\/\",\"logo\":{\"@type\":\"ImageObject\",\"inLanguage\":\"en-US\",\"@id\":\"https:\\\/\\\/www.cecafe.com.br\\\/en\\\/#\\\/schema\\\/logo\\\/image\\\/\",\"url\":\"https:\\\/\\\/www.cecafe.com.br\\\/site\\\/wp-content\\\/uploads\\\/2019\\\/07\\\/logo-cecafe-png-300-200_2.png\",\"contentUrl\":\"https:\\\/\\\/www.cecafe.com.br\\\/site\\\/wp-content\\\/uploads\\\/2019\\\/07\\\/logo-cecafe-png-300-200_2.png\",\"width\":300,\"height\":200,\"caption\":\"Conselho dos Exportadores de Caf\u00e9 do Brasil\"},\"image\":{\"@id\":\"https:\\\/\\\/www.cecafe.com.br\\\/en\\\/#\\\/schema\\\/logo\\\/image\\\/\"},\"sameAs\":[\"https:\\\/\\\/www.facebook.com\\\/cecafebrazil\",\"https:\\\/\\\/x.com\\\/cecafebrazil\",\"https:\\\/\\\/www.instagram.com\\\/cecafebrazil\\\/\",\"https:\\\/\\\/www.linkedin.com\\\/company\\\/cecafebrazil\\\/\",\"https:\\\/\\\/www.youtube.com\\\/channel\\\/UCNvHIPqfwzTl-Yl2VOFnXXA\"]}]}<\/script>\n<!-- \/ Yoast SEO plugin. -->","yoast_head_json":{"title":"Associates - Cecaf\u00e9","robots":{"index":"index","follow":"follow","max-snippet":"max-snippet:-1","max-image-preview":"max-image-preview:large","max-video-preview":"max-video-preview:-1"},"canonical":"https:\/\/www.cecafe.com.br\/en\/about-cecafe\/associates\/","og_locale":"en_US","og_type":"article","og_title":"Associates - Cecaf\u00e9","og_url":"https:\/\/www.cecafe.com.br\/en\/about-cecafe\/associates\/","og_site_name":"Cecaf\u00e9","article_publisher":"https:\/\/www.facebook.com\/cecafebrazil","article_modified_time":"2026-04-24T21:07:10+00:00","og_image":[{"width":300,"height":200,"url":"https:\/\/www.cecafe.com.br\/site\/wp-content\/uploads\/2019\/07\/logo-cecafe-png-300-200_2.png","type":"image\/png"}],"twitter_card":"summary_large_image","twitter_site":"@cecafebrazil","twitter_misc":{"Est. reading time":"4 minutes"},"schema":{"@context":"https:\/\/schema.org","@graph":[{"@type":"WebPage","@id":"https:\/\/www.cecafe.com.br\/en\/about-cecafe\/associates\/","url":"https:\/\/www.cecafe.com.br\/en\/about-cecafe\/associates\/","name":"Associates - Cecaf\u00e9","isPartOf":{"@id":"https:\/\/www.cecafe.com.br\/en\/#website"},"datePublished":"2016-04-23T15:16:35+00:00","dateModified":"2026-04-24T21:07:10+00:00","breadcrumb":{"@id":"https:\/\/www.cecafe.com.br\/en\/about-cecafe\/associates\/#breadcrumb"},"inLanguage":"en-US","potentialAction":[{"@type":"ReadAction","target":["https:\/\/www.cecafe.com.br\/en\/about-cecafe\/associates\/"]}]},{"@type":"BreadcrumbList","@id":"https:\/\/www.cecafe.com.br\/en\/about-cecafe\/associates\/#breadcrumb","itemListElement":[{"@type":"ListItem","position":1,"name":"In\u00edcio","item":"https:\/\/www.cecafe.com.br\/en\/"},{"@type":"ListItem","position":2,"name":"About Cecaf\u00e9","item":"https:\/\/www.cecafe.com.br\/en\/about-cecafe\/"},{"@type":"ListItem","position":3,"name":"Associates"}]},{"@type":"WebSite","@id":"https:\/\/www.cecafe.com.br\/en\/#website","url":"https:\/\/www.cecafe.com.br\/en\/","name":"Conselho dos Exportadores de Caf\u00e9 do Brasil","description":"Conselho dos Exportadores de Caf\u00e9 do Brasil","publisher":{"@id":"https:\/\/www.cecafe.com.br\/en\/#organization"},"potentialAction":[{"@type":"SearchAction","target":{"@type":"EntryPoint","urlTemplate":"https:\/\/www.cecafe.com.br\/en\/?s={search_term_string}"},"query-input":{"@type":"PropertyValueSpecification","valueRequired":true,"valueName":"search_term_string"}}],"inLanguage":"en-US"},{"@type":"Organization","@id":"https:\/\/www.cecafe.com.br\/en\/#organization","name":"Conselho dos Exportadores de Caf\u00e9 do Brasil","url":"https:\/\/www.cecafe.com.br\/en\/","logo":{"@type":"ImageObject","inLanguage":"en-US","@id":"https:\/\/www.cecafe.com.br\/en\/#\/schema\/logo\/image\/","url":"https:\/\/www.cecafe.com.br\/site\/wp-content\/uploads\/2019\/07\/logo-cecafe-png-300-200_2.png","contentUrl":"https:\/\/www.cecafe.com.br\/site\/wp-content\/uploads\/2019\/07\/logo-cecafe-png-300-200_2.png","width":300,"height":200,"caption":"Conselho dos Exportadores de Caf\u00e9 do Brasil"},"image":{"@id":"https:\/\/www.cecafe.com.br\/en\/#\/schema\/logo\/image\/"},"sameAs":["https:\/\/www.facebook.com\/cecafebrazil","https:\/\/x.com\/cecafebrazil","https:\/\/www.instagram.com\/cecafebrazil\/","https:\/\/www.linkedin.com\/company\/cecafebrazil\/","https:\/\/www.youtube.com\/channel\/UCNvHIPqfwzTl-Yl2VOFnXXA"]}]}},"_links":{"self":[{"href":"https:\/\/www.cecafe.com.br\/en\/wp-json\/wp\/v2\/pages\/951","targetHints":{"allow":["GET"]}}],"collection":[{"href":"https:\/\/www.cecafe.com.br\/en\/wp-json\/wp\/v2\/pages"}],"about":[{"href":"https:\/\/www.cecafe.com.br\/en\/wp-json\/wp\/v2\/types\/page"}],"author":[{"embeddable":true,"href":"https:\/\/www.cecafe.com.br\/en\/wp-json\/wp\/v2\/users\/56"}],"replies":[{"embeddable":true,"href":"https:\/\/www.cecafe.com.br\/en\/wp-json\/wp\/v2\/comments?post=951"}],"version-history":[{"count":115,"href":"https:\/\/www.cecafe.com.br\/en\/wp-json\/wp\/v2\/pages\/951\/revisions"}],"predecessor-version":[{"id":35382,"href":"https:\/\/www.cecafe.com.br\/en\/wp-json\/wp\/v2\/pages\/951\/revisions\/35382"}],"up":[{"embeddable":true,"href":"https:\/\/www.cecafe.com.br\/en\/wp-json\/wp\/v2\/pages\/955"}],"wp:attachment":[{"href":"https:\/\/www.cecafe.com.br\/en\/wp-json\/wp\/v2\/media?parent=951"}],"curies":[{"name":"wp","href":"https:\/\/api.w.org\/{rel}","templated":true}]}}