{"id":1641,"date":"2016-03-28T11:19:10","date_gmt":"2016-03-28T14:19:10","guid":{"rendered":"http:\/\/www.cecafe.com.br\/en\/cadastro\/"},"modified":"2022-02-04T09:44:16","modified_gmt":"2022-02-04T12:44:16","slug":"register","status":"publish","type":"page","link":"https:\/\/www.cecafe.com.br\/en\/register\/","title":{"rendered":"Register"},"content":{"rendered":"<div class=\"fusion-fullwidth fullwidth-box fusion-builder-row-1 hundred-percent-fullwidth non-hundred-percent-height-scrolling\" style=\"--awb-border-radius-top-left:0px;--awb-border-radius-top-right:0px;--awb-border-radius-bottom-right:0px;--awb-border-radius-bottom-left:0px;--awb-overflow:visible;--awb-flex-wrap:wrap;\" ><div class=\"fusion-builder-row fusion-row\"><div class=\"fusion-layout-column fusion_builder_column fusion-builder-column-0 fusion_builder_column_1_3 1_3 fusion-one-third fusion-column-first\" style=\"--awb-bg-size:cover;width:30.6666%; margin-right: 4%;\"><div class=\"fusion-column-wrapper fusion-flex-column-wrapper-legacy\"><div class=\"fusion-text fusion-text-1\"><h2>Register<\/h2>\n<p><strong>At this moment, the user registration on the site is exclusive to Cecaf\u00e9 member companies.<\/strong><\/p>\n<p>For we update your data, fill in the fields in the form below. Fields marked with\u00a0<span style=\"color: #ff0000;\">*<\/span>\u00a0are mandatory.<\/p>\n<p>After submitting the form, you will receive an automated message, which must validate your e-mail. Your access will be complete\u00a0upon confirmation of Cecaf\u00e9 team.<\/p>\n<\/div><div class=\"fusion-clearfix\"><\/div><\/div><\/div><div class=\"fusion-layout-column fusion_builder_column fusion-builder-column-1 fusion_builder_column_2_3 2_3 fusion-two-third fusion-column-last\" style=\"--awb-bg-size:cover;width:65.3333%;\"><div class=\"fusion-column-wrapper fusion-flex-column-wrapper-legacy\"><div class=\"iump-register-form ihc-register-2\"><form  method=\"post\"  name=\"createuser\" id=\"createuser\" class=\"ihc-form-create-edit\" enctype=\"multipart\/form-data\" ><div class=\"iump-form-line-register iump-form-text\" id=\"ihc_reg_text_2559\"><label class=\"iump-labels-register\"><span class=\"ihc-required-sign\">*<\/span>First Name<\/label><input type=\"text\" name=\"first_name\"  class=\"\" value=\"\" placeholder=\"\"   \/><\/div><div class=\"iump-form-line-register iump-form-text\" id=\"ihc_reg_text_6271\"><label class=\"iump-labels-register\"><span class=\"ihc-required-sign\">*<\/span>Last Name<\/label><input type=\"text\" name=\"last_name\"  class=\"\" value=\"\" placeholder=\"\"   \/><\/div><div class=\"iump-form-line-register iump-form-text\" id=\"ihc_reg_text_2581\"><label class=\"iump-labels-register\"><span class=\"ihc-required-sign\">*<\/span>Empresa<\/label><input type=\"text\" name=\"empresa\"  class=\"\" value=\"\" placeholder=\"\"   \/><\/div><div class=\"iump-form-line-register iump-form-text\" id=\"ihc_reg_text_1375\"><label class=\"iump-labels-register\"><span class=\"ihc-required-sign\">*<\/span>Cargo<\/label><input type=\"text\" name=\"cargo\"  class=\"\" value=\"\" placeholder=\"\"   \/><\/div><div class=\"iump-form-line-register iump-form-text\" id=\"ihc_reg_text_8989\"><label class=\"iump-labels-register\"><span class=\"ihc-required-sign\">*<\/span>Telefone residencial<\/label><input type=\"text\" name=\"telefoneresidencial\"  class=\"\" value=\"\" placeholder=\"\"   \/><label class=\"iump-form-sublabel\">(XX) XXXX-XXXX<\/label><\/div><div class=\"iump-form-line-register iump-form-text\" id=\"ihc_reg_text_9026\"><label class=\"iump-labels-register\"><span class=\"ihc-required-sign\">*<\/span>Telefone comercial<\/label><input type=\"text\" name=\"telefonecomercial\"  class=\"\" value=\"\" placeholder=\"\"   \/><label class=\"iump-form-sublabel\">(XX) XXXX-XXXX<\/label><\/div><div class=\"iump-form-line-register iump-form-text\" id=\"ihc_reg_text_7895\"><label class=\"iump-labels-register\">Telefone comercial 2<\/label><input type=\"text\" name=\"telefonecomercial2\"  class=\"\" value=\"\" placeholder=\"\"   \/><label class=\"iump-form-sublabel\">(XX) XXXX-XXXX<\/label><\/div><div class=\"iump-form-line-register iump-form-text\" id=\"ihc_reg_text_5431\"><label class=\"iump-labels-register\">Fax comercial<\/label><input type=\"text\" name=\"faxcomercial\"  class=\"\" value=\"\" placeholder=\"\"   \/><label class=\"iump-form-sublabel\">(XX) XXXX-XXXX<\/label><\/div><div class=\"iump-form-line-register iump-form-text\" id=\"ihc_reg_text_2907\"><label class=\"iump-labels-register\">Telefone celular<\/label><input type=\"text\" name=\"telefonecelular\"  class=\"\" value=\"\" placeholder=\"\"   \/><label class=\"iump-form-sublabel\">(XX) XXXX-XXXX<\/label><\/div><div class=\"iump-form-line-register iump-form-text\" id=\"ihc_reg_text_3273\"><label class=\"iump-labels-register\"><span class=\"ihc-required-sign\">*<\/span>Endere\u00e7o comercial<\/label><input type=\"text\" name=\"enderecocomercial\"  class=\"\" value=\"\" placeholder=\"\"   \/><\/div><div class=\"iump-form-line-register iump-form-text\" id=\"ihc_reg_text_8714\"><label class=\"iump-labels-register\"><span class=\"ihc-required-sign\">*<\/span>N\u00famero<\/label><input type=\"text\" name=\"endereconumero\"  class=\"\" value=\"\" placeholder=\"\"   \/><\/div><div class=\"iump-form-line-register iump-form-text\" id=\"ihc_reg_text_4763\"><label class=\"iump-labels-register\">Complemento<\/label><input type=\"text\" name=\"complemento\"  class=\"\" value=\"\" placeholder=\"\"   \/><\/div><div class=\"iump-form-line-register iump-form-text\" id=\"ihc_reg_text_8727\"><label class=\"iump-labels-register\"><span class=\"ihc-required-sign\">*<\/span>Bairro<\/label><input type=\"text\" name=\"bairro\"  class=\"\" value=\"\" placeholder=\"\"   \/><\/div><div class=\"iump-form-line-register iump-form-text\" id=\"ihc_reg_text_9683\"><label class=\"iump-labels-register\"><span class=\"ihc-required-sign\">*<\/span>CEP<\/label><input type=\"text\" name=\"CEP\"  class=\"\" value=\"\" placeholder=\"\"   \/><label class=\"iump-form-sublabel\">XXXXX-XXX<\/label><\/div><div class=\"iump-form-line-register iump-form-text\" id=\"ihc_reg_text_6961\"><label class=\"iump-labels-register\"><span class=\"ihc-required-sign\">*<\/span>Cidade<\/label><input type=\"text\" name=\"cidade1\"  class=\"\" value=\"\" placeholder=\"\"   \/><\/div><div class=\"iump-form-line-register iump-form-select\" id=\"ihc_reg_select_8817\"><label class=\"iump-labels-register\"><span class=\"ihc-required-sign\">*<\/span>Estado<\/label><select name=\"estado\"  class=\"iump-form-select \"   ><option value=\"AC\" >AC<\/option><option value=\"AL\" >AL<\/option><option value=\"AP\" >AP<\/option><option value=\"AM\" >AM<\/option><option value=\"BA\" >BA<\/option><option value=\"CE\" >CE<\/option><option value=\"DF\" >DF<\/option><option value=\"ES\" >ES<\/option><option value=\"GO\" >GO<\/option><option value=\"MA\" >MA<\/option><option value=\"MT\" >MT<\/option><option value=\"MS\" >MS<\/option><option value=\"MG\" >MG<\/option><option value=\"PA\" >PA<\/option><option value=\"PB\" >PB<\/option><option value=\"PR\" >PR<\/option><option value=\"PE\" >PE<\/option><option value=\"PI\" >PI<\/option><option value=\"RJ\" >RJ<\/option><option value=\"RN\" >RN<\/option><option value=\"RS\" >RS<\/option><option value=\"RO\" >RO<\/option><option value=\"RR\" >RR<\/option><option value=\"SC\" >SC<\/option><option value=\"SP\" >SP<\/option><option value=\"SE\" >SE<\/option><option value=\"TO\" >TO<\/option><\/select><\/div><div class=\"iump-form-line-register iump-form-text\" id=\"ihc_reg_text_3283\"><label class=\"iump-labels-register\">Site da empresa<\/label><input type=\"text\" name=\"siteempresa\"  class=\"\" value=\"\" placeholder=\"\"   \/><\/div><div class=\"iump-form-line-register iump-form-text\" id=\"ihc_reg_text_4132\"><label class=\"iump-labels-register\">Facebook<\/label><input type=\"text\" name=\"facebook\"  class=\"\" value=\"\" placeholder=\"\"   \/><\/div><div class=\"iump-form-line-register iump-form-text\" id=\"ihc_reg_text_9521\"><label class=\"iump-labels-register\">Twitter<\/label><input type=\"text\" name=\"twitter\"  class=\"\" value=\"\" placeholder=\"\"   \/><\/div><div class=\"iump-form-line-register iump-form-text\" id=\"ihc_reg_text_8202\"><label class=\"iump-labels-register\">LinkedIn<\/label><input type=\"text\" name=\"linkedin\"  class=\"\" value=\"\" placeholder=\"\"   \/><\/div><div class=\"iump-form-line-register iump-form-text\" id=\"ihc_reg_text_366\"><label class=\"iump-labels-register\">Skype<\/label><input type=\"text\" name=\"skype\"  class=\"\" value=\"\" placeholder=\"\"   \/><\/div><div class=\"iump-form-line-register iump-form-text\" id=\"ihc_reg_text_8994\"><label class=\"iump-labels-register\"><span class=\"ihc-required-sign\">*<\/span>Email<\/label><input type=\"text\" name=\"user_email\"  class=\"\" value=\"\" placeholder=\"\"   \/><\/div><div class=\"iump-form-line-register iump-form-text\" id=\"ihc_reg_text_897\"><label class=\"iump-labels-register\"><span class=\"ihc-required-sign\">*<\/span>Confirme o e-mail<\/label><input type=\"text\" name=\"confirm_email\"  class=\"\" value=\"\" placeholder=\"\"   \/><\/div><div class=\"iump-form-line-register iump-form-text\" id=\"ihc_reg_text_4771\"><label class=\"iump-labels-register\"><span class=\"ihc-required-sign\">*<\/span>Username<\/label><input type=\"text\" name=\"user_login\"  class=\"\" value=\"\" placeholder=\"\"   \/><\/div><div class=\"iump-form-line-register iump-form-password\" id=\"ihc_reg_password_9041\"><label class=\"iump-labels-register\"><span class=\"ihc-required-sign\">*<\/span>Password<\/label><input type=\"password\" name=\"pass1\"  class=\"\" value=\"\" placeholder=\"\"  data-rules=\"10,3\"\/><span type=\"button\" class=\"ihc-hide-pw hide-if-no-js\" data-toggle=\"0\" aria-label=\"Show password\">\n\t\t\t\t\t\t<span class=\"dashicons dashicons-visibility\" aria-hidden=\"true\"><\/span>\n\t\t\t\t\t<\/span><div class=\"ihc-strength-wrapper\"><ul class=\"ihc-strength\"><li class=\"point\"><\/li><li class=\"point\"><\/li><li class=\"point\"><\/li><li class=\"point\"><\/li><li class=\"point\"><\/li><\/ul><div class=\"ihc-strength-label\"><\/div><\/div><\/div><div class=\"iump-form-line-register iump-form-password\" id=\"ihc_reg_password_9164\"><label class=\"iump-labels-register\"><span class=\"ihc-required-sign\">*<\/span>Confirm Password<\/label><input type=\"password\" name=\"pass2\"  class=\"\" value=\"\" placeholder=\"\"  data-rules=\"10,3\"\/><span type=\"button\" class=\"ihc-hide-pw hide-if-no-js\" data-toggle=\"0\" aria-label=\"Show password\">\n\t\t\t\t\t\t<span class=\"dashicons dashicons-visibility\" aria-hidden=\"true\"><\/span>\n\t\t\t\t\t<\/span><div class=\"ihc-strength-wrapper\"><ul class=\"ihc-strength\"><li class=\"point\"><\/li><li class=\"point\"><\/li><li class=\"point\"><\/li><li class=\"point\"><\/li><li class=\"point\"><\/li><\/ul><div class=\"ihc-strength-label\"><\/div><\/div><\/div><div class=\"iump-form-line-register iump-form-text\" id=\"ihc_reg_text_1642\"><label class=\"iump-labels-register\">Dica de senha<\/label><input type=\"text\" name=\"dicasenha\"  class=\"\" value=\"\" placeholder=\"\"   \/><\/div>    <div class=\"js-ump-recaptcha-v3-item\"><\/div>\n    <span class=\"ihc-js-recaptcha-v3-key\" data-value=\"6LfLyPslAAAAAPG7rRK5pycsAW-TTrYUdIHvG4hH\"><\/span>\n        <div class=\"iump-form-line-register iump-form-upload_image\" id=\"ihc_reg_upload_image_2840\"><label class=\"iump-labels-register\">Imagem do perfil<\/label>\n\n<span class=\"ihc-js-upload-image-data\"\n      data-rand=\"8817\"\n      data-url=\"https:\/\/www.cecafe.com.br\/site\/wp-content\/plugins\/indeed-membership-pro\/public\/ajax-upload.php?ihcpublicn=071a945686\"\n      data-bttn_label=\"Upload\"\n      data-name=\"ihc_avatar\"\n    ><\/span>\n\n<div class=\"ihc-upload-image-wrapper\">\n\n    <div class=\"ihc-upload-image-wrapp ihc-js-upload-image-wrapp\" >\n                                    <div class=\"ihc-no-avatar ihc-member-photo\"><\/div>\n                            <div class=\"ihc-clear\"><\/div>\n    <\/div>\n    <div class=\"ihc-content-left\">\n    \t <div class=\"ihc-avatar-trigger\" id=\"js_ihc_trigger_avatar8817\" >\n         \t<div id=\"ihc-avatar-button\" class=\"ihc-upload-avatar\">Upload<\/div>\n         <\/div>\n        <span class=\"ihc-upload-image-remove-bttn\" id=\"ihc_upload_image_remove_bttn_8817\">Remove<\/span>\n    <\/div>\n    <input type=\"hidden\" value=\"\" name=\"ihc_avatar\" id=\"ihc_upload_hidden_8817\" data-new_user=\"1\" \/>\n\n    <\/div>\n<\/div><div class=\"iump-form-line-register iump-form-checkbox\" id=\"ihc_reg_checkbox_1623\"><label class=\"iump-labels-register\"><span class=\"ihc-required-sign\">*<\/span>Voc\u00ea concorda com o tratamento dos seus dados pessoais ao preencher esse formul\u00e1rio com a finalidade de acessar \u00e0 \u00e1rea restrita do site, conforme nossa <strong><span style=\"color:#40bf40;\"><a href=\"https:\/\/www.cecafe.com.br\/politica-privacidade\/\" target=\"_blank\">Pol\u00edtica de Privacidade?<\/span><\/strong><img decoding=\"async\" src=\"https:\/\/www.cecafe.com.br\/site\/wp-content\/uploads\/2022\/01\/click.png\"><\/a><\/label><div class=\"iump-form-checkbox-wrapper\" id=\"ihc_checkbox_parent_966\"><div class=\"iump-form-checkbox\"><input type=\"checkbox\" name=\"politica_privacidade_aceite[]\"  class=\"\" value=\"Sim\"     \/>Sim<\/div><div class=\"iump-form-checkbox\"><input type=\"checkbox\" name=\"politica_privacidade_aceite[]\"  class=\"\" value=\"N\u00e3o\"     \/>N\u00e3o<\/div><\/div><\/div><div class=\"iump-form-line-register iump-form-date\" id=\"ihc_reg_date_8701\"><label class=\"iump-labels-register\"><\/label><link rel=\"stylesheet\" type=\"text\/css\" href=\"https:\/\/www.cecafe.com.br\/site\/wp-content\/plugins\/indeed-membership-pro\/admin\/assets\/css\/jquery-ui.min.css\"\/><span class=\"ihc-js-datepicker-data\" data-selector=\".ihc-date-field\" data-callback=\"\"><\/span><input type=\"text\" value=\"\" name=\"politica_privacidade_aceite_data\" id=\"\" class=\"iump-form-datepicker ihc-date-field\"     placeholder=\"\" \/><\/div><input type=\"hidden\" name=\"ihc_payment_gateway\" value=\"paypal\" \/><input type=\"hidden\" name=\"ihcaction\"  class=\"\" value=\"register\"  \/><input type=\"hidden\" name=\"lid\"  class=\"\" value=\"2\"  \/><div class=\"ihc-checkout-page-wrapp\" id=\"ihc_checkout_page_wrapp\">\r\n    <div class=\"ihc-checkout-page-left-side ihc-checkout-page-one-column\">\r\n\r\n   <!-- Customer Form -->\r\n   <div id=\"ihc-checout-page-purchase-customer-form-section\">\r\n          <\/div>\r\n  <!-- Payment Method -->\r\n  <div id=\"ihc-checout-page-purchase-payment-method-section\">\r\n        <\/div>\r\n\r\n  <\/div>\r\n\r\n  <div class=\"ihc-checkout-page-right-side ihc-checkout-page-one-column\">\r\n\r\n    <!-- SUBSCRIPTION DETAILS -->\r\n    <div id=\"ihc-checout-page-purchase-subscription-details-section\">\r\n        <div class=\"ihc-checkout-page-box-wrapper ihc-product-details-wrapper\">\r\n  <div class=\"ihc-product-details\">\r\n          <!-- One Time Membership -->\r\n      <table class=\"ihc-product-details-table\">\r\n        <tr class=\"ihc-product-details-table-name-row\">\r\n          <td>\r\n            <div class=\"ihc-product-name\">N\u00e3o Associado<\/div>\r\n            <div class=\"ihc-product-description\"><\/div>\r\n          <\/td>\r\n          <td>\r\n            <div class=\"ihc-product-price\">0.00BRL<\/div>\r\n          <\/td>\r\n        <\/tr>\r\n\r\n        <tr id=\"ihc-main-payment-discount\" class=\"ihc-display-none\" >\r\n          <td><div class=\"ihc-product-fee-label-extra\">Discount (<span id=\"ihc-main-payment-discount-value\"><\/span>)<\/div><\/td>\r\n          <td><div class=\"ihc-product-price-extra\">-0.00BRL<\/div><\/td>\r\n        <\/tr>\r\n              <\/table>\r\n\r\n        <\/div>\r\n<\/div>\r\n    <\/div>\r\n\r\n    \r\n    <!-- TAXES -->\r\n    <div id=\"ihc-checout-page-taxes-section\">\r\n        <!-- TAXES -->\r\n    <\/div>\r\n\r\n    <!-- SUBTOTAL -->\r\n    <div id=\"ihc-checout-page-subtotal-section\">\r\n        \r\n<div class=\"ihc-checkout-page-box-wrapper ihc-subtotal-wrapper\">\r\n  <div class=\"ihc-checkout-page-box-title\">Subtotal<\/div>\r\n      <table  class=\"ihc-product-details-table ihc-subtotal-table\">\r\n      <tr>\r\n        <td><div class=\"ihc-product-main-fee-label\">Fee<\/div>\r\n        <\/td>\r\n        <td>\r\n          <div class=\"ihc-product-price\">\r\n            <span id=\"ihc-subtotal-product-price\">0.00BRL<\/span>\r\n          <\/div>\r\n        <\/td>\r\n      <\/tr>\r\n    <\/table>\r\n    \r\n<\/div>\r\n\r\n    <div class=\"ihc-js-checkout-session\" data-value=\"YTo2OntzOjEyOiJmaXJzdF9hbW91bnQiO2I6MDtzOjY6ImFtb3VudCI7ZDowO3M6ODoiY3VycmVuY3kiO3M6MzoiQlJMIjtzOjM6InVpZCI7aTowO3M6MzoibGlkIjtzOjE6IjIiO3M6MTE6ImxldmVsX2xhYmVsIjtzOjE0OiJOw6NvIEFzc29jaWFkbyI7fQ==\" ><\/div>\r\n    <\/div>\r\n\r\n    <!-- PRIVACY POLICY -->\r\n    \r\n    <!-- PURCHASE BUTTON -->\r\n    <div id=\"ihc-checout-page-purchase-button-section\">\r\n        \r\n\r\n<input type=\"hidden\" name=\"lid\" value=\"2\" \/>\r\n<input type=\"hidden\" name=\"checkout-form\" value=\"1\" \/>\r\n<input type=\"hidden\" name=\"subscription_access_type\" value=\"unlimited\" \/>\r\n\r\n<input type=\"hidden\" name=\"payment_selected\" value=\"paypal\" \/>\r\n\r\n<input type=\"hidden\" name=\"coupon_used\" value=\"\" \/>\r\n\r\n<input type=\"hidden\" name=\"dynamic_price_set\" value=\"\" \/>\r\n\r\n<input type=\"hidden\" name=\"country\" value=\"\" \/>\r\n\r\n<input type=\"hidden\" name=\"state\" value=\"\" \/>\r\n\r\n    <\/div>\r\n\r\n  <\/div>\r\n\r\n  \r\n<\/div>\r\n<div class=\"iump-submit-form\"><input type=\"submit\" value=\"Register\" name=\"Submit\" id=\"ihc_submit_bttn\" class=\"button button-primary button-large\"   \/><\/div><input type='hidden' name='ihc_user_add_edit_nonce' value='6ab6c6644e' \/><input type=\"hidden\" name=\"ihcFormType\" value=\"register\" \/><\/form><\/div><div class=\"fusion-clearfix\"><\/div><\/div><\/div><\/div><\/div>\n","protected":false},"excerpt":{"rendered":"","protected":false},"author":56,"featured_media":0,"parent":0,"menu_order":0,"comment_status":"closed","ping_status":"closed","template":"","meta":{"footnotes":""},"class_list":["post-1641","page","type-page","status-publish","hentry"],"acf":[],"yoast_head":"<!-- This site is optimized with the Yoast SEO plugin v27.5 - https:\/\/yoast.com\/product\/yoast-seo-wordpress\/ -->\n<title>Register - Cecaf\u00e9<\/title>\n<meta name=\"robots\" content=\"index, follow, max-snippet:-1, max-image-preview:large, max-video-preview:-1\" \/>\n<link rel=\"canonical\" href=\"https:\/\/www.cecafe.com.br\/en\/register\/\" \/>\n<meta property=\"og:locale\" content=\"en_US\" \/>\n<meta property=\"og:type\" content=\"article\" \/>\n<meta property=\"og:title\" content=\"Register - Cecaf\u00e9\" \/>\n<meta property=\"og:url\" content=\"https:\/\/www.cecafe.com.br\/en\/register\/\" \/>\n<meta property=\"og:site_name\" content=\"Cecaf\u00e9\" \/>\n<meta property=\"article:publisher\" content=\"https:\/\/www.facebook.com\/cecafebrazil\" \/>\n<meta property=\"article:modified_time\" content=\"2022-02-04T12:44:16+00:00\" \/>\n<meta property=\"og:image\" content=\"https:\/\/www.cecafe.com.br\/site\/wp-content\/uploads\/2019\/07\/logo-cecafe-png-300-200_2.png\" \/>\n\t<meta property=\"og:image:width\" content=\"300\" \/>\n\t<meta property=\"og:image:height\" content=\"200\" \/>\n\t<meta property=\"og:image:type\" content=\"image\/png\" \/>\n<meta name=\"twitter:card\" content=\"summary_large_image\" \/>\n<meta name=\"twitter:site\" content=\"@cecafebrazil\" \/>\n<meta name=\"twitter:label1\" content=\"Est. reading time\" \/>\n\t<meta name=\"twitter:data1\" content=\"1 minute\" \/>\n<script type=\"application\/ld+json\" class=\"yoast-schema-graph\">{\"@context\":\"https:\\\/\\\/schema.org\",\"@graph\":[{\"@type\":\"WebPage\",\"@id\":\"https:\\\/\\\/www.cecafe.com.br\\\/en\\\/register\\\/\",\"url\":\"https:\\\/\\\/www.cecafe.com.br\\\/en\\\/register\\\/\",\"name\":\"Register - Cecaf\u00e9\",\"isPartOf\":{\"@id\":\"https:\\\/\\\/www.cecafe.com.br\\\/en\\\/#website\"},\"datePublished\":\"2016-03-28T14:19:10+00:00\",\"dateModified\":\"2022-02-04T12:44:16+00:00\",\"breadcrumb\":{\"@id\":\"https:\\\/\\\/www.cecafe.com.br\\\/en\\\/register\\\/#breadcrumb\"},\"inLanguage\":\"en-US\",\"potentialAction\":[{\"@type\":\"ReadAction\",\"target\":[\"https:\\\/\\\/www.cecafe.com.br\\\/en\\\/register\\\/\"]}]},{\"@type\":\"BreadcrumbList\",\"@id\":\"https:\\\/\\\/www.cecafe.com.br\\\/en\\\/register\\\/#breadcrumb\",\"itemListElement\":[{\"@type\":\"ListItem\",\"position\":1,\"name\":\"In\u00edcio\",\"item\":\"https:\\\/\\\/www.cecafe.com.br\\\/en\\\/\"},{\"@type\":\"ListItem\",\"position\":2,\"name\":\"Register\"}]},{\"@type\":\"WebSite\",\"@id\":\"https:\\\/\\\/www.cecafe.com.br\\\/en\\\/#website\",\"url\":\"https:\\\/\\\/www.cecafe.com.br\\\/en\\\/\",\"name\":\"Conselho dos Exportadores de Caf\u00e9 do Brasil\",\"description\":\"Conselho dos Exportadores de Caf\u00e9 do Brasil\",\"publisher\":{\"@id\":\"https:\\\/\\\/www.cecafe.com.br\\\/en\\\/#organization\"},\"potentialAction\":[{\"@type\":\"SearchAction\",\"target\":{\"@type\":\"EntryPoint\",\"urlTemplate\":\"https:\\\/\\\/www.cecafe.com.br\\\/en\\\/?s={search_term_string}\"},\"query-input\":{\"@type\":\"PropertyValueSpecification\",\"valueRequired\":true,\"valueName\":\"search_term_string\"}}],\"inLanguage\":\"en-US\"},{\"@type\":\"Organization\",\"@id\":\"https:\\\/\\\/www.cecafe.com.br\\\/en\\\/#organization\",\"name\":\"Conselho dos Exportadores de Caf\u00e9 do Brasil\",\"url\":\"https:\\\/\\\/www.cecafe.com.br\\\/en\\\/\",\"logo\":{\"@type\":\"ImageObject\",\"inLanguage\":\"en-US\",\"@id\":\"https:\\\/\\\/www.cecafe.com.br\\\/en\\\/#\\\/schema\\\/logo\\\/image\\\/\",\"url\":\"https:\\\/\\\/www.cecafe.com.br\\\/site\\\/wp-content\\\/uploads\\\/2019\\\/07\\\/logo-cecafe-png-300-200_2.png\",\"contentUrl\":\"https:\\\/\\\/www.cecafe.com.br\\\/site\\\/wp-content\\\/uploads\\\/2019\\\/07\\\/logo-cecafe-png-300-200_2.png\",\"width\":300,\"height\":200,\"caption\":\"Conselho dos Exportadores de Caf\u00e9 do Brasil\"},\"image\":{\"@id\":\"https:\\\/\\\/www.cecafe.com.br\\\/en\\\/#\\\/schema\\\/logo\\\/image\\\/\"},\"sameAs\":[\"https:\\\/\\\/www.facebook.com\\\/cecafebrazil\",\"https:\\\/\\\/x.com\\\/cecafebrazil\",\"https:\\\/\\\/www.instagram.com\\\/cecafebrazil\\\/\",\"https:\\\/\\\/www.linkedin.com\\\/company\\\/cecafebrazil\\\/\",\"https:\\\/\\\/www.youtube.com\\\/channel\\\/UCNvHIPqfwzTl-Yl2VOFnXXA\"]}]}<\/script>\n<!-- \/ Yoast SEO plugin. -->","yoast_head_json":{"title":"Register - Cecaf\u00e9","robots":{"index":"index","follow":"follow","max-snippet":"max-snippet:-1","max-image-preview":"max-image-preview:large","max-video-preview":"max-video-preview:-1"},"canonical":"https:\/\/www.cecafe.com.br\/en\/register\/","og_locale":"en_US","og_type":"article","og_title":"Register - Cecaf\u00e9","og_url":"https:\/\/www.cecafe.com.br\/en\/register\/","og_site_name":"Cecaf\u00e9","article_publisher":"https:\/\/www.facebook.com\/cecafebrazil","article_modified_time":"2022-02-04T12:44:16+00:00","og_image":[{"width":300,"height":200,"url":"https:\/\/www.cecafe.com.br\/site\/wp-content\/uploads\/2019\/07\/logo-cecafe-png-300-200_2.png","type":"image\/png"}],"twitter_card":"summary_large_image","twitter_site":"@cecafebrazil","twitter_misc":{"Est. reading time":"1 minute"},"schema":{"@context":"https:\/\/schema.org","@graph":[{"@type":"WebPage","@id":"https:\/\/www.cecafe.com.br\/en\/register\/","url":"https:\/\/www.cecafe.com.br\/en\/register\/","name":"Register - Cecaf\u00e9","isPartOf":{"@id":"https:\/\/www.cecafe.com.br\/en\/#website"},"datePublished":"2016-03-28T14:19:10+00:00","dateModified":"2022-02-04T12:44:16+00:00","breadcrumb":{"@id":"https:\/\/www.cecafe.com.br\/en\/register\/#breadcrumb"},"inLanguage":"en-US","potentialAction":[{"@type":"ReadAction","target":["https:\/\/www.cecafe.com.br\/en\/register\/"]}]},{"@type":"BreadcrumbList","@id":"https:\/\/www.cecafe.com.br\/en\/register\/#breadcrumb","itemListElement":[{"@type":"ListItem","position":1,"name":"In\u00edcio","item":"https:\/\/www.cecafe.com.br\/en\/"},{"@type":"ListItem","position":2,"name":"Register"}]},{"@type":"WebSite","@id":"https:\/\/www.cecafe.com.br\/en\/#website","url":"https:\/\/www.cecafe.com.br\/en\/","name":"Conselho dos Exportadores de Caf\u00e9 do Brasil","description":"Conselho dos Exportadores de Caf\u00e9 do Brasil","publisher":{"@id":"https:\/\/www.cecafe.com.br\/en\/#organization"},"potentialAction":[{"@type":"SearchAction","target":{"@type":"EntryPoint","urlTemplate":"https:\/\/www.cecafe.com.br\/en\/?s={search_term_string}"},"query-input":{"@type":"PropertyValueSpecification","valueRequired":true,"valueName":"search_term_string"}}],"inLanguage":"en-US"},{"@type":"Organization","@id":"https:\/\/www.cecafe.com.br\/en\/#organization","name":"Conselho dos Exportadores de Caf\u00e9 do Brasil","url":"https:\/\/www.cecafe.com.br\/en\/","logo":{"@type":"ImageObject","inLanguage":"en-US","@id":"https:\/\/www.cecafe.com.br\/en\/#\/schema\/logo\/image\/","url":"https:\/\/www.cecafe.com.br\/site\/wp-content\/uploads\/2019\/07\/logo-cecafe-png-300-200_2.png","contentUrl":"https:\/\/www.cecafe.com.br\/site\/wp-content\/uploads\/2019\/07\/logo-cecafe-png-300-200_2.png","width":300,"height":200,"caption":"Conselho dos Exportadores de Caf\u00e9 do Brasil"},"image":{"@id":"https:\/\/www.cecafe.com.br\/en\/#\/schema\/logo\/image\/"},"sameAs":["https:\/\/www.facebook.com\/cecafebrazil","https:\/\/x.com\/cecafebrazil","https:\/\/www.instagram.com\/cecafebrazil\/","https:\/\/www.linkedin.com\/company\/cecafebrazil\/","https:\/\/www.youtube.com\/channel\/UCNvHIPqfwzTl-Yl2VOFnXXA"]}]}},"_links":{"self":[{"href":"https:\/\/www.cecafe.com.br\/en\/wp-json\/wp\/v2\/pages\/1641","targetHints":{"allow":["GET"]}}],"collection":[{"href":"https:\/\/www.cecafe.com.br\/en\/wp-json\/wp\/v2\/pages"}],"about":[{"href":"https:\/\/www.cecafe.com.br\/en\/wp-json\/wp\/v2\/types\/page"}],"author":[{"embeddable":true,"href":"https:\/\/www.cecafe.com.br\/en\/wp-json\/wp\/v2\/users\/56"}],"replies":[{"embeddable":true,"href":"https:\/\/www.cecafe.com.br\/en\/wp-json\/wp\/v2\/comments?post=1641"}],"version-history":[{"count":4,"href":"https:\/\/www.cecafe.com.br\/en\/wp-json\/wp\/v2\/pages\/1641\/revisions"}],"predecessor-version":[{"id":20032,"href":"https:\/\/www.cecafe.com.br\/en\/wp-json\/wp\/v2\/pages\/1641\/revisions\/20032"}],"wp:attachment":[{"href":"https:\/\/www.cecafe.com.br\/en\/wp-json\/wp\/v2\/media?parent=1641"}],"curies":[{"name":"wp","href":"https:\/\/api.w.org\/{rel}","templated":true}]}}