{"id":1103,"date":"2016-04-27T10:46:23","date_gmt":"2016-04-27T13:46:23","guid":{"rendered":"http:\/\/cecafe.com.br\/en\/sobre-o-cafe\/consumo\/"},"modified":"2017-09-04T15:06:10","modified_gmt":"2017-09-04T18:06:10","slug":"consumption","status":"publish","type":"page","link":"https:\/\/www.cecafe.com.br\/en\/about-coffee\/consumption\/","title":{"rendered":"Consumption"},"content":{"rendered":"<h2>Consumption<\/h2>\n<p>Data of the International Coffee Organization (ICO, in English) show that the world coffee consumption surpasses 150 million 60-kg bags a year and has been increasing at an annual rate of 2.5%. Brazil is the largest producer and occupies the second\u00a0position as a consumer, after\u00a0USA. According to Euromonitor Consultants, the demand of Brazilians in retail channels and Food Service was 20.5\u00a0million bags last year.<\/p>\n<p>Brazilian consumption per capita, according to the Associa\u00e7\u00e3o Brasileira da Ind\u00fastria de Caf\u00e9 <div class=\"fusion-fullwidth fullwidth-box fusion-builder-row-1 hundred-percent-fullwidth non-hundred-percent-height-scrolling\" style=\"--awb-border-radius-top-left:0px;--awb-border-radius-top-right:0px;--awb-border-radius-bottom-right:0px;--awb-border-radius-bottom-left:0px;--awb-overflow:visible;--awb-flex-wrap:wrap;\" ><div class=\"fusion-builder-row fusion-row\"><div class=\"fusion-layout-column fusion_builder_column fusion-builder-column-0 fusion_builder_column_1_1 1_1 fusion-one-full fusion-column-first fusion-column-last fusion-column-no-min-height\" style=\"--awb-bg-size:cover;--awb-margin-bottom:0px;\"><div class=\"fusion-column-wrapper fusion-flex-column-wrapper-legacy\">[Brazilian Coffee Industry Association] (Abic), is 6.12 kg of green coffee in beans \u2013 the equivalent of 4.9 kg of roasted and ground coffee or 81 liters of the drink.\u00a0 A research by Euromonitor, commissioned by Abic, shows that in spite of the 2016 economic crisis, \u00a0coffee consumption continues high in over 50% of the homes covered by the survey. Below are the main topics of the survey:<\/p>\n<ul>\n<li>Among consumers that will not be affected by the crisis, 58% will maintain their current consumption and brand;<\/li>\n<li>Among consumers that may be affected by the crisis,, 41% will maintain their consumption, but may migrate to less expensive brands;<\/li>\n<li>Although people believe that the crisis will not affect consumption, the younger consumers less than 30 years old may have their consumption affected. Those are the individuals that consume coffee preferably outside their homes;<\/li>\n<li>The survey projects a consumption growth in volume to 24 million bags by 2019; \u00a0Consumers that are away from home are the ones that look for more quality coffees. The economic slowdown caused an impact in this consumption, which may recover in the second half of 2016;<\/li>\n<li>Ground coffee and coffee capsules are consumption stars in homes;\u00a0 ground coffee represents 81% of the total consumed volume and coffee capsules 0.6% in 2014, but it may double until 2019;<\/li>\n<li>It is expected that the capsule market will increase three-fold in value until 2019,\u00a0 reaching R$ 3.0 billion;<\/li>\n<li>Consumers stated that they want practicality, quality and diversity in coffee, and the practicality of capsules have captured consumers, especially when preparing coffee in their homes;<\/li>\n<li>89% of senior consumers drink coffee every day;\u00a0 the daily frequency among youngsters between 16 and 20 years old is 49%, and the general average is 3.7 cups a day.<\/li>\n<\/ul>\n<p>Below is a list of the largest coffee consumer markets of the world, according to Euromonitor:<\/p>\n<h3>Coffee per capita consumption (2015)<\/h3>\n<div class=\"fusion-table table-1\">\n<table width=\"100%\">\n<thead>\n<tr>\n<th>Country<\/th>\n<th>Consumption\u00a0(kg\/year)<\/th>\n<\/tr>\n<\/thead>\n<tbody>\n<tr>\n<td>Finland<\/td>\n<td>10,0<\/td>\n<\/tr>\n<tr>\n<td>Sweden<\/td>\n<td>8,0<\/td>\n<\/tr>\n<tr>\n<td>Norway<\/td>\n<td>6,8<\/td>\n<\/tr>\n<tr>\n<td>Slovenia<\/td>\n<td>6,3<\/td>\n<\/tr>\n<tr>\n<td>The Netherlands<\/td>\n<td>6,1<\/td>\n<\/tr>\n<\/tbody>\n<\/table>\n<p>&nbsp;<\/p>\n<\/div>\n<div class=\"fusion-clearfix\"><\/div><\/div><\/div><\/div><\/div><\/p>\n","protected":false},"excerpt":{"rendered":"<p>Consumption Data of the International Coffee Organization (ICO, in English) show that the world coffee consumption surpasses 150 million 60-kg bags a year and has been increasing at an annual rate of 2.5%. Brazil is  [&#8230;]<\/p>\n","protected":false},"author":56,"featured_media":0,"parent":1095,"menu_order":0,"comment_status":"closed","ping_status":"closed","template":"","meta":{"footnotes":""},"class_list":["post-1103","page","type-page","status-publish","hentry"],"acf":[],"yoast_head":"<!-- This site is optimized with the Yoast SEO plugin v27.3 - https:\/\/yoast.com\/product\/yoast-seo-wordpress\/ -->\n<title>Consumption - Cecaf\u00e9<\/title>\n<meta name=\"robots\" content=\"index, follow, max-snippet:-1, max-image-preview:large, max-video-preview:-1\" \/>\n<link rel=\"canonical\" href=\"https:\/\/www.cecafe.com.br\/en\/about-coffee\/consumption\/\" \/>\n<meta property=\"og:locale\" content=\"en_US\" \/>\n<meta property=\"og:type\" content=\"article\" \/>\n<meta property=\"og:title\" content=\"Consumption - Cecaf\u00e9\" \/>\n<meta property=\"og:description\" content=\"Consumption Data of the International Coffee Organization (ICO, in English) show that the world coffee consumption surpasses 150 million 60-kg bags a year and has been increasing at an annual rate of 2.5%. Brazil is [...]\" \/>\n<meta property=\"og:url\" content=\"https:\/\/www.cecafe.com.br\/en\/about-coffee\/consumption\/\" \/>\n<meta property=\"og:site_name\" content=\"Cecaf\u00e9\" \/>\n<meta property=\"article:publisher\" content=\"https:\/\/www.facebook.com\/cecafebrazil\" \/>\n<meta property=\"article:modified_time\" content=\"2017-09-04T18:06:10+00:00\" \/>\n<meta property=\"og:image\" content=\"https:\/\/www.cecafe.com.br\/site\/wp-content\/uploads\/2019\/07\/logo-cecafe-png-300-200_2.png\" \/>\n\t<meta property=\"og:image:width\" content=\"300\" \/>\n\t<meta property=\"og:image:height\" content=\"200\" \/>\n\t<meta property=\"og:image:type\" content=\"image\/png\" \/>\n<meta name=\"twitter:card\" content=\"summary_large_image\" \/>\n<meta name=\"twitter:site\" content=\"@cecafebrazil\" \/>\n<meta name=\"twitter:label1\" content=\"Est. reading time\" \/>\n\t<meta name=\"twitter:data1\" content=\"2 minutes\" \/>\n<script type=\"application\/ld+json\" class=\"yoast-schema-graph\">{\"@context\":\"https:\\\/\\\/schema.org\",\"@graph\":[{\"@type\":\"WebPage\",\"@id\":\"https:\\\/\\\/www.cecafe.com.br\\\/en\\\/about-coffee\\\/consumption\\\/\",\"url\":\"https:\\\/\\\/www.cecafe.com.br\\\/en\\\/about-coffee\\\/consumption\\\/\",\"name\":\"Consumption - Cecaf\u00e9\",\"isPartOf\":{\"@id\":\"https:\\\/\\\/www.cecafe.com.br\\\/en\\\/#website\"},\"datePublished\":\"2016-04-27T13:46:23+00:00\",\"dateModified\":\"2017-09-04T18:06:10+00:00\",\"breadcrumb\":{\"@id\":\"https:\\\/\\\/www.cecafe.com.br\\\/en\\\/about-coffee\\\/consumption\\\/#breadcrumb\"},\"inLanguage\":\"en-US\",\"potentialAction\":[{\"@type\":\"ReadAction\",\"target\":[\"https:\\\/\\\/www.cecafe.com.br\\\/en\\\/about-coffee\\\/consumption\\\/\"]}]},{\"@type\":\"BreadcrumbList\",\"@id\":\"https:\\\/\\\/www.cecafe.com.br\\\/en\\\/about-coffee\\\/consumption\\\/#breadcrumb\",\"itemListElement\":[{\"@type\":\"ListItem\",\"position\":1,\"name\":\"In\u00edcio\",\"item\":\"https:\\\/\\\/www.cecafe.com.br\\\/en\\\/\"},{\"@type\":\"ListItem\",\"position\":2,\"name\":\"About coffee\",\"item\":\"https:\\\/\\\/www.cecafe.com.br\\\/en\\\/about-coffee\\\/\"},{\"@type\":\"ListItem\",\"position\":3,\"name\":\"Consumption\"}]},{\"@type\":\"WebSite\",\"@id\":\"https:\\\/\\\/www.cecafe.com.br\\\/en\\\/#website\",\"url\":\"https:\\\/\\\/www.cecafe.com.br\\\/en\\\/\",\"name\":\"Conselho dos Exportadores de Caf\u00e9 do Brasil\",\"description\":\"Conselho dos Exportadores de Caf\u00e9 do Brasil\",\"publisher\":{\"@id\":\"https:\\\/\\\/www.cecafe.com.br\\\/en\\\/#organization\"},\"potentialAction\":[{\"@type\":\"SearchAction\",\"target\":{\"@type\":\"EntryPoint\",\"urlTemplate\":\"https:\\\/\\\/www.cecafe.com.br\\\/en\\\/?s={search_term_string}\"},\"query-input\":{\"@type\":\"PropertyValueSpecification\",\"valueRequired\":true,\"valueName\":\"search_term_string\"}}],\"inLanguage\":\"en-US\"},{\"@type\":\"Organization\",\"@id\":\"https:\\\/\\\/www.cecafe.com.br\\\/en\\\/#organization\",\"name\":\"Conselho dos Exportadores de Caf\u00e9 do Brasil\",\"url\":\"https:\\\/\\\/www.cecafe.com.br\\\/en\\\/\",\"logo\":{\"@type\":\"ImageObject\",\"inLanguage\":\"en-US\",\"@id\":\"https:\\\/\\\/www.cecafe.com.br\\\/en\\\/#\\\/schema\\\/logo\\\/image\\\/\",\"url\":\"https:\\\/\\\/www.cecafe.com.br\\\/site\\\/wp-content\\\/uploads\\\/2019\\\/07\\\/logo-cecafe-png-300-200_2.png\",\"contentUrl\":\"https:\\\/\\\/www.cecafe.com.br\\\/site\\\/wp-content\\\/uploads\\\/2019\\\/07\\\/logo-cecafe-png-300-200_2.png\",\"width\":300,\"height\":200,\"caption\":\"Conselho dos Exportadores de Caf\u00e9 do Brasil\"},\"image\":{\"@id\":\"https:\\\/\\\/www.cecafe.com.br\\\/en\\\/#\\\/schema\\\/logo\\\/image\\\/\"},\"sameAs\":[\"https:\\\/\\\/www.facebook.com\\\/cecafebrazil\",\"https:\\\/\\\/x.com\\\/cecafebrazil\",\"https:\\\/\\\/www.instagram.com\\\/cecafebrazil\\\/\",\"https:\\\/\\\/www.linkedin.com\\\/company\\\/cecafebrazil\\\/\",\"https:\\\/\\\/www.youtube.com\\\/channel\\\/UCNvHIPqfwzTl-Yl2VOFnXXA\"]}]}<\/script>\n<!-- \/ Yoast SEO plugin. -->","yoast_head_json":{"title":"Consumption - Cecaf\u00e9","robots":{"index":"index","follow":"follow","max-snippet":"max-snippet:-1","max-image-preview":"max-image-preview:large","max-video-preview":"max-video-preview:-1"},"canonical":"https:\/\/www.cecafe.com.br\/en\/about-coffee\/consumption\/","og_locale":"en_US","og_type":"article","og_title":"Consumption - Cecaf\u00e9","og_description":"Consumption Data of the International Coffee Organization (ICO, in English) show that the world coffee consumption surpasses 150 million 60-kg bags a year and has been increasing at an annual rate of 2.5%. Brazil is [...]","og_url":"https:\/\/www.cecafe.com.br\/en\/about-coffee\/consumption\/","og_site_name":"Cecaf\u00e9","article_publisher":"https:\/\/www.facebook.com\/cecafebrazil","article_modified_time":"2017-09-04T18:06:10+00:00","og_image":[{"width":300,"height":200,"url":"https:\/\/www.cecafe.com.br\/site\/wp-content\/uploads\/2019\/07\/logo-cecafe-png-300-200_2.png","type":"image\/png"}],"twitter_card":"summary_large_image","twitter_site":"@cecafebrazil","twitter_misc":{"Est. reading time":"2 minutes"},"schema":{"@context":"https:\/\/schema.org","@graph":[{"@type":"WebPage","@id":"https:\/\/www.cecafe.com.br\/en\/about-coffee\/consumption\/","url":"https:\/\/www.cecafe.com.br\/en\/about-coffee\/consumption\/","name":"Consumption - Cecaf\u00e9","isPartOf":{"@id":"https:\/\/www.cecafe.com.br\/en\/#website"},"datePublished":"2016-04-27T13:46:23+00:00","dateModified":"2017-09-04T18:06:10+00:00","breadcrumb":{"@id":"https:\/\/www.cecafe.com.br\/en\/about-coffee\/consumption\/#breadcrumb"},"inLanguage":"en-US","potentialAction":[{"@type":"ReadAction","target":["https:\/\/www.cecafe.com.br\/en\/about-coffee\/consumption\/"]}]},{"@type":"BreadcrumbList","@id":"https:\/\/www.cecafe.com.br\/en\/about-coffee\/consumption\/#breadcrumb","itemListElement":[{"@type":"ListItem","position":1,"name":"In\u00edcio","item":"https:\/\/www.cecafe.com.br\/en\/"},{"@type":"ListItem","position":2,"name":"About coffee","item":"https:\/\/www.cecafe.com.br\/en\/about-coffee\/"},{"@type":"ListItem","position":3,"name":"Consumption"}]},{"@type":"WebSite","@id":"https:\/\/www.cecafe.com.br\/en\/#website","url":"https:\/\/www.cecafe.com.br\/en\/","name":"Conselho dos Exportadores de Caf\u00e9 do Brasil","description":"Conselho dos Exportadores de Caf\u00e9 do Brasil","publisher":{"@id":"https:\/\/www.cecafe.com.br\/en\/#organization"},"potentialAction":[{"@type":"SearchAction","target":{"@type":"EntryPoint","urlTemplate":"https:\/\/www.cecafe.com.br\/en\/?s={search_term_string}"},"query-input":{"@type":"PropertyValueSpecification","valueRequired":true,"valueName":"search_term_string"}}],"inLanguage":"en-US"},{"@type":"Organization","@id":"https:\/\/www.cecafe.com.br\/en\/#organization","name":"Conselho dos Exportadores de Caf\u00e9 do Brasil","url":"https:\/\/www.cecafe.com.br\/en\/","logo":{"@type":"ImageObject","inLanguage":"en-US","@id":"https:\/\/www.cecafe.com.br\/en\/#\/schema\/logo\/image\/","url":"https:\/\/www.cecafe.com.br\/site\/wp-content\/uploads\/2019\/07\/logo-cecafe-png-300-200_2.png","contentUrl":"https:\/\/www.cecafe.com.br\/site\/wp-content\/uploads\/2019\/07\/logo-cecafe-png-300-200_2.png","width":300,"height":200,"caption":"Conselho dos Exportadores de Caf\u00e9 do Brasil"},"image":{"@id":"https:\/\/www.cecafe.com.br\/en\/#\/schema\/logo\/image\/"},"sameAs":["https:\/\/www.facebook.com\/cecafebrazil","https:\/\/x.com\/cecafebrazil","https:\/\/www.instagram.com\/cecafebrazil\/","https:\/\/www.linkedin.com\/company\/cecafebrazil\/","https:\/\/www.youtube.com\/channel\/UCNvHIPqfwzTl-Yl2VOFnXXA"]}]}},"_links":{"self":[{"href":"https:\/\/www.cecafe.com.br\/en\/wp-json\/wp\/v2\/pages\/1103","targetHints":{"allow":["GET"]}}],"collection":[{"href":"https:\/\/www.cecafe.com.br\/en\/wp-json\/wp\/v2\/pages"}],"about":[{"href":"https:\/\/www.cecafe.com.br\/en\/wp-json\/wp\/v2\/types\/page"}],"author":[{"embeddable":true,"href":"https:\/\/www.cecafe.com.br\/en\/wp-json\/wp\/v2\/users\/56"}],"replies":[{"embeddable":true,"href":"https:\/\/www.cecafe.com.br\/en\/wp-json\/wp\/v2\/comments?post=1103"}],"version-history":[{"count":1,"href":"https:\/\/www.cecafe.com.br\/en\/wp-json\/wp\/v2\/pages\/1103\/revisions"}],"predecessor-version":[{"id":7519,"href":"https:\/\/www.cecafe.com.br\/en\/wp-json\/wp\/v2\/pages\/1103\/revisions\/7519"}],"up":[{"embeddable":true,"href":"https:\/\/www.cecafe.com.br\/en\/wp-json\/wp\/v2\/pages\/1095"}],"wp:attachment":[{"href":"https:\/\/www.cecafe.com.br\/en\/wp-json\/wp\/v2\/media?parent=1103"}],"curies":[{"name":"wp","href":"https:\/\/api.w.org\/{rel}","templated":true}]}}